{"id":196571,"date":"2024-11-06T11:03:06","date_gmt":"2024-11-06T10:03:06","guid":{"rendered":"https:\/\/pop-co.fr\/index.php\/product\/hello-kitty-personnages-sanrio-figurines-mysteres\/"},"modified":"2025-06-28T12:09:58","modified_gmt":"2025-06-28T10:09:58","slug":"hello-kitty-personnages-sanrio-figurines-mysteres","status":"publish","type":"product","link":"https:\/\/pop-co.fr\/index.php\/product\/hello-kitty-personnages-sanrio-figurines-mysteres\/","title":{"rendered":"SANRIO &#8211; Personnages &#8211; Figurines 7cm"},"content":{"rendered":"<p>*ATTENTION PRODUIT AL\u00c9ATOIRE NE POUVANT \u00caTRE RETOURN\u00c9*<\/p>\n<p>X1 Figurine vinyle envir. 7,6 cm, la hauteur varie en fonction de la figurine. Une seule figurine par paquet.<\/p>\n","protected":false},"excerpt":{"rendered":"<p>*ATTENTION PRODUIT AL\u00c9ATOIRE NE POUVANT \u00caTRE RETOURN\u00c9* X1 Figurine vinyle envir. 7,6 cm, la hauteur varie en fonction de la figurine. Une seule figurine par paquet.<\/p>\n","protected":false},"featured_media":344403,"comment_status":"open","ping_status":"closed","template":"","meta":[],"product_cat":[80,17],"product_tag":[],"aioseo_notices":[],"jetpack_sharing_enabled":true,"_links":{"self":[{"href":"https:\/\/pop-co.fr\/index.php\/wp-json\/wp\/v2\/product\/196571"}],"collection":[{"href":"https:\/\/pop-co.fr\/index.php\/wp-json\/wp\/v2\/product"}],"about":[{"href":"https:\/\/pop-co.fr\/index.php\/wp-json\/wp\/v2\/types\/product"}],"replies":[{"embeddable":true,"href":"https:\/\/pop-co.fr\/index.php\/wp-json\/wp\/v2\/comments?post=196571"}],"version-history":[{"count":0,"href":"https:\/\/pop-co.fr\/index.php\/wp-json\/wp\/v2\/product\/196571\/revisions"}],"wp:featuredmedia":[{"embeddable":true,"href":"https:\/\/pop-co.fr\/index.php\/wp-json\/wp\/v2\/media\/344403"}],"wp:attachment":[{"href":"https:\/\/pop-co.fr\/index.php\/wp-json\/wp\/v2\/media?parent=196571"}],"wp:term":[{"taxonomy":"product_cat","embeddable":true,"href":"https:\/\/pop-co.fr\/index.php\/wp-json\/wp\/v2\/product_cat?post=196571"},{"taxonomy":"product_tag","embeddable":true,"href":"https:\/\/pop-co.fr\/index.php\/wp-json\/wp\/v2\/product_tag?post=196571"}],"curies":[{"name":"wp","href":"https:\/\/api.w.org\/{rel}","templated":true}]}}