{"id":198059,"date":"2024-11-07T15:40:14","date_gmt":"2024-11-07T14:40:14","guid":{"rendered":"https:\/\/pop-co.fr\/index.php\/product\/joylamp-hunter-x-hunter-hisoka-morow\/"},"modified":"2025-06-28T12:18:43","modified_gmt":"2025-06-28T10:18:43","slug":"joylamp-hunter-x-hunter-hisoka-morow","status":"publish","type":"product","link":"https:\/\/pop-co.fr\/index.php\/product\/joylamp-hunter-x-hunter-hisoka-morow\/","title":{"rendered":"JOYLAMP &#8211; HUNTER X HUNTER &#8211; Hisoka Morow"},"content":{"rendered":"<p>LA LAMPE HISOKA MOROW, LE MAGICIEN AUX MILLE ET UNE CARTES <\/p>\n<p>HISOKA MOROW est l&rsquo;un des principaux personnages du manga Hunter x<br \/>\nHunter, c&rsquo;est aussi un ancien membre important de la terrible<br \/>\nBRIGADE FANT\u00d4ME. <\/p>\n<p>Sa rencontre avec GON FREECSS et KILLUA ZOLDIK durant l&rsquo;ARC DE LA TOUR<br \/>\nC\u00c9LESTE, permettra aux deux personnages de d\u00e9couvrir et d&rsquo;apprendre<br \/>\nle NEN, UNE TECHNIQUE TR\u00c8S PUISSANTE. <\/p>\n<p>Connu et craint pour sa capacit\u00e9 de combat gracieuse HISOKA se<br \/>\nmontre cruelle et fourbe contre ses ennemies, cependant, ses<br \/>\ncapacit\u00e9s maximums de combats restent pour le moment INCONNUS.<\/p>\n<p>UN DESIGN ENVOUTANT DE VOTRE HUNTER FAVORIS <\/p>\n<p>La JOYLAMP HISOKA MOROW vous offre une multitude de possibilit\u00e9s qui<br \/>\nsauront vous rapprocher du personnage myst\u00e9rieux qu&rsquo;est HISOKA MOROW.<br \/>\nVous pourrez profiter de 16 COULEURS AINSI QUE 5 TONALIT\u00c9S via la<br \/>\nt\u00e9l\u00e9commande fournie avec, le tout emball\u00e9 dans un packaging<br \/>\nexclusif \u00e0 l&rsquo;effigie du manga Hunter x Hunter.<\/p>\n<p>UNE JOYLAMP EXCLUSIVE DE HISOKA AVEC SON PACKAGING <\/p>\n<p>Si cette lampe Hisoka vous a envout\u00e9, nous vous conseillons de jeter<br \/>\nun oeil \u00e0 notre LAMPE KURAPIKA<br \/>\n[https:\/\/joylamp.fr\/products\/joylamp-kurapika-hunter-x-hunter], un<br \/>\npersonne pleins de sang-froid et d&rsquo;intelligence, il a su faire peur \u00e0<br \/>\nla brigade fant\u00f4me.<\/p>\n","protected":false},"excerpt":{"rendered":"<p>LA LAMPE HISOKA MOROW, LE MAGICIEN AUX MILLE ET UNE CARTES HISOKA MOROW est l&rsquo;un des principaux personnages du manga Hunter x Hunter, c&rsquo;est aussi un ancien membre important de la terrible BRIGADE FANT\u00d4ME. Sa rencontre avec GON FREECSS et KILLUA ZOLDIK durant l&rsquo;ARC DE LA TOUR C\u00c9LESTE, permettra aux deux personnages de d\u00e9couvrir et [&hellip;]<\/p>\n","protected":false},"featured_media":306849,"comment_status":"open","ping_status":"closed","template":"","meta":[],"product_cat":[17,62],"product_tag":[],"aioseo_notices":[],"jetpack_sharing_enabled":true,"_links":{"self":[{"href":"https:\/\/pop-co.fr\/index.php\/wp-json\/wp\/v2\/product\/198059"}],"collection":[{"href":"https:\/\/pop-co.fr\/index.php\/wp-json\/wp\/v2\/product"}],"about":[{"href":"https:\/\/pop-co.fr\/index.php\/wp-json\/wp\/v2\/types\/product"}],"replies":[{"embeddable":true,"href":"https:\/\/pop-co.fr\/index.php\/wp-json\/wp\/v2\/comments?post=198059"}],"version-history":[{"count":0,"href":"https:\/\/pop-co.fr\/index.php\/wp-json\/wp\/v2\/product\/198059\/revisions"}],"wp:featuredmedia":[{"embeddable":true,"href":"https:\/\/pop-co.fr\/index.php\/wp-json\/wp\/v2\/media\/306849"}],"wp:attachment":[{"href":"https:\/\/pop-co.fr\/index.php\/wp-json\/wp\/v2\/media?parent=198059"}],"wp:term":[{"taxonomy":"product_cat","embeddable":true,"href":"https:\/\/pop-co.fr\/index.php\/wp-json\/wp\/v2\/product_cat?post=198059"},{"taxonomy":"product_tag","embeddable":true,"href":"https:\/\/pop-co.fr\/index.php\/wp-json\/wp\/v2\/product_tag?post=198059"}],"curies":[{"name":"wp","href":"https:\/\/api.w.org\/{rel}","templated":true}]}}