{"id":198069,"date":"2024-11-07T15:49:55","date_gmt":"2024-11-07T14:49:55","guid":{"rendered":"https:\/\/pop-co.fr\/index.php\/product\/joylamp-naruto-sceau-du-hakke-2\/"},"modified":"2025-06-28T12:18:35","modified_gmt":"2025-06-28T10:18:35","slug":"joylamp-naruto-sceau-du-hakke-2","status":"publish","type":"product","link":"https:\/\/pop-co.fr\/index.php\/product\/joylamp-naruto-sceau-du-hakke-2\/","title":{"rendered":"JOYLAMP &#8211; NARUTO &#8211; Sceau du Hakke"},"content":{"rendered":"<p>JOYLAMP SCEAU DU HAKKE, UN JUTSU TR\u00c8S PUISSANT <\/p>\n<p>D\u00e9couvrez notre LAMPE d\u2019un jutsu tr\u00e8s connu du manga Naruto<br \/>\nShippuden, le SCEAU DU HAKKE ! Cette puissante technique ne s\u2019active<br \/>\nuniquement lorsque les deux sceaux sont utilis\u00e9s en m\u00eame temps.<\/p>\n<p>CR\u00c9EZ VOTRE UNIVERS MANGA DANS VOTRE CHAMBRE <\/p>\n<p>Le SCEAU DU HAKKE est une technique servant \u00e0 sceller un esprit dans<br \/>\nun objet ou dans un corps. Le but \u00e9tait d\u2019emprisonner le D\u00c9MON<br \/>\nKYUBI et de l\u2019emp\u00eacher de prendre possession de son h\u00f4te.<\/p>\n<p>Cette lampe n\u2019est pas commune. C\u2019est une JoyLamp de qualit\u00e9<br \/>\nsup\u00e9rieure ! Avec une LED de 16 COULEURS, 6 TONALIT\u00c9S ET 4 MODES DE<br \/>\nCHANGEMENT, changez d\u2019ambiance \u00e0 votre guise.<\/p>\n<p>La LAMPE MINATO [https:\/\/joylamp.fr\/products\/lampe-minato-namikaze]<br \/>\nserait parfaite pour accompagner le sceau du hakke ! Vous devez vous<br \/>\nsouvenir que cette technique vient du P\u00c8RE DE NARUTO lorsqu\u2019il a<br \/>\nseller KURAMA dans son enfant. Cette JoyLamp vous procurera de la<br \/>\nnostalgie pour votre manga favori.<\/p>\n<p>UN PACKAGING \u00c0 L\u2019EFFIGIE NARUTO SHIPPUDEN <\/p>\n<p>Retrouvez votre JoyLamp dans le plus beau des packagings manga. Il<br \/>\npourra vous servir comme D\u00c9CORATION EN SUPPL\u00c9MENT DE LA LAMPE. Son<br \/>\ndesign reprend la technique la plus connue de Naruto, le Rasengan. Sur<br \/>\nson fond bleut\u00e9e vous pourrez voir le logo Naruto Shippuden et<br \/>\nJoyLamp..<\/p>\n<p>[naruto x joylamp packaging title] [packaging naruto shippuden<br \/>\njoylamp] <\/p>\n<p>\u00a9 2002 MASASHI KISHIMOTO \/ 2007 SHIPPUDEN All Rights Reserved.<\/p>\n","protected":false},"excerpt":{"rendered":"<p>JOYLAMP SCEAU DU HAKKE, UN JUTSU TR\u00c8S PUISSANT D\u00e9couvrez notre LAMPE d\u2019un jutsu tr\u00e8s connu du manga Naruto Shippuden, le SCEAU DU HAKKE ! Cette puissante technique ne s\u2019active uniquement lorsque les deux sceaux sont utilis\u00e9s en m\u00eame temps. CR\u00c9EZ VOTRE UNIVERS MANGA DANS VOTRE CHAMBRE Le SCEAU DU HAKKE est une technique servant \u00e0 [&hellip;]<\/p>\n","protected":false},"featured_media":256122,"comment_status":"open","ping_status":"closed","template":"","meta":[],"product_cat":[17,21],"product_tag":[],"aioseo_notices":[],"jetpack_sharing_enabled":true,"_links":{"self":[{"href":"https:\/\/pop-co.fr\/index.php\/wp-json\/wp\/v2\/product\/198069"}],"collection":[{"href":"https:\/\/pop-co.fr\/index.php\/wp-json\/wp\/v2\/product"}],"about":[{"href":"https:\/\/pop-co.fr\/index.php\/wp-json\/wp\/v2\/types\/product"}],"replies":[{"embeddable":true,"href":"https:\/\/pop-co.fr\/index.php\/wp-json\/wp\/v2\/comments?post=198069"}],"version-history":[{"count":0,"href":"https:\/\/pop-co.fr\/index.php\/wp-json\/wp\/v2\/product\/198069\/revisions"}],"wp:featuredmedia":[{"embeddable":true,"href":"https:\/\/pop-co.fr\/index.php\/wp-json\/wp\/v2\/media\/256122"}],"wp:attachment":[{"href":"https:\/\/pop-co.fr\/index.php\/wp-json\/wp\/v2\/media?parent=198069"}],"wp:term":[{"taxonomy":"product_cat","embeddable":true,"href":"https:\/\/pop-co.fr\/index.php\/wp-json\/wp\/v2\/product_cat?post=198069"},{"taxonomy":"product_tag","embeddable":true,"href":"https:\/\/pop-co.fr\/index.php\/wp-json\/wp\/v2\/product_tag?post=198069"}],"curies":[{"name":"wp","href":"https:\/\/api.w.org\/{rel}","templated":true}]}}