{"id":198080,"date":"2024-11-07T15:54:17","date_gmt":"2024-11-07T14:54:17","guid":{"rendered":"https:\/\/pop-co.fr\/index.php\/product\/joylamp-naruto-jiraiya\/"},"modified":"2025-06-28T12:18:37","modified_gmt":"2025-06-28T10:18:37","slug":"joylamp-naruto-jiraiya","status":"publish","type":"product","link":"https:\/\/pop-co.fr\/index.php\/product\/joylamp-naruto-jiraiya\/","title":{"rendered":"JOYLAMP &#8211; NARUTO &#8211; Jiraiya"},"content":{"rendered":"<p>LA LED DE VOTRE SENSEI PR\u00c9F\u00c9R\u00c9, JIRAYA L\u2019ERMITE<\/p>\n<p>Et si vous d\u00e9cidiez de CHANGER L\u2019AMBIANCE de votre chambre ? Faites<br \/>\nressortir vos passions pour les anim\u00e9s \u00e0 travers la LAMPE JIRAYA<br \/>\nL\u2019ERMITE !<\/p>\n<p>Cette d\u00e9coration refl\u00e8te VOTRE NINJA FAVORIS gr\u00e2ce \u00e0 sa vitre en<br \/>\nacrylique. Nos designers ont r\u00e9alis\u00e9 la JoyLamp dont notre<br \/>\ncommunaut\u00e9 R\u00caVAIT depuis longtemps. Chaque d\u00e9tail de cette lampe<br \/>\nest minitueusement travaill\u00e9 pour UN RENDU DES PLUS OPTIMAL.<\/p>\n<p>Votre LED sera accompagn\u00e9e d\u2019une T\u00c9L\u00c9COMMANDE et d\u2019un PACKAGING<br \/>\nOFFICIEL aux couleurs de Naruto et de son c\u00e9l\u00e8bre RASENGAN.<\/p>\n<p>UN DESIGN UNIQUE DU NINJA L\u00c9GENDAIRE DE KONOHA <\/p>\n<p>Cette JoyLamp est SP\u00c9CIALE. En effet elle reprend le c\u00e9l\u00e8bre Jiraya<br \/>\ndans sa transformation en MODE ERMITE ! Lorsqu\u2019il combat sous cette<br \/>\nforme il est presque invincible. Toujours accompagn\u00e9 de CES 2<br \/>\nCRAPAUDS sur son \u00e9paule qu\u2019il utilise pour ex\u00e9cuter des techniques<br \/>\ncomplexes.<\/p>\n<p>Jiraya est l\u2019un des 3 SANNIN L\u00c9GENDAIRE de Konoha. Il est celui qui<br \/>\na entra\u00een\u00e9 NAGATO, YAHIKO ET KONAN mais aussi le 4\u00c8ME HOKAGE ! Ce<br \/>\nninja est reconnu comme l\u2019un des piliers du village de Konoha gr\u00e2ce<br \/>\n\u00e0 sa puissance dont il a fait preuve lors de ses combats.<\/p>\n<p>Illuminez votre chambre avec les 16 COULEURS et 6 TONALIT\u00c9S<br \/>\nqu\u2019offre la JoyLamp. Vous plongerez dans l\u2019univers du MANGA NARUTO<br \/>\nSHIPPUDEN.<\/p>\n<p>La LAMPE NARUTO CHIBI<br \/>\n[https:\/\/joylamp.fr\/products\/joylamp-naruto-shippuden-sd-naruto-shippuden]<br \/>\ndevrait vous plaire si vous aimez son SENSEI JIRAYA. Une lampe de<br \/>\nchevet incontournable pour un fan du manga de MASASHI KISHIMOTO. Une<br \/>\nversion de Naruto plus petite mais ENCORE PLUS KAWAII !<\/p>\n<p>[naruto x joylamp packaging title] [packaging naruto shippuden<br \/>\njoylamp] <\/p>\n<p>\u00a9 2002 MASASHI KISHIMOTO \/ 2007 SHIPPUDEN All Rights Reserved.<\/p>\n","protected":false},"excerpt":{"rendered":"<p>LA LED DE VOTRE SENSEI PR\u00c9F\u00c9R\u00c9, JIRAYA L\u2019ERMITE Et si vous d\u00e9cidiez de CHANGER L\u2019AMBIANCE de votre chambre ? Faites ressortir vos passions pour les anim\u00e9s \u00e0 travers la LAMPE JIRAYA L\u2019ERMITE ! Cette d\u00e9coration refl\u00e8te VOTRE NINJA FAVORIS gr\u00e2ce \u00e0 sa vitre en acrylique. Nos designers ont r\u00e9alis\u00e9 la JoyLamp dont notre communaut\u00e9 R\u00caVAIT [&hellip;]<\/p>\n","protected":false},"featured_media":198103,"comment_status":"open","ping_status":"closed","template":"","meta":[],"product_cat":[17,21],"product_tag":[],"aioseo_notices":[],"jetpack_sharing_enabled":true,"_links":{"self":[{"href":"https:\/\/pop-co.fr\/index.php\/wp-json\/wp\/v2\/product\/198080"}],"collection":[{"href":"https:\/\/pop-co.fr\/index.php\/wp-json\/wp\/v2\/product"}],"about":[{"href":"https:\/\/pop-co.fr\/index.php\/wp-json\/wp\/v2\/types\/product"}],"replies":[{"embeddable":true,"href":"https:\/\/pop-co.fr\/index.php\/wp-json\/wp\/v2\/comments?post=198080"}],"version-history":[{"count":0,"href":"https:\/\/pop-co.fr\/index.php\/wp-json\/wp\/v2\/product\/198080\/revisions"}],"wp:featuredmedia":[{"embeddable":true,"href":"https:\/\/pop-co.fr\/index.php\/wp-json\/wp\/v2\/media\/198103"}],"wp:attachment":[{"href":"https:\/\/pop-co.fr\/index.php\/wp-json\/wp\/v2\/media?parent=198080"}],"wp:term":[{"taxonomy":"product_cat","embeddable":true,"href":"https:\/\/pop-co.fr\/index.php\/wp-json\/wp\/v2\/product_cat?post=198080"},{"taxonomy":"product_tag","embeddable":true,"href":"https:\/\/pop-co.fr\/index.php\/wp-json\/wp\/v2\/product_tag?post=198080"}],"curies":[{"name":"wp","href":"https:\/\/api.w.org\/{rel}","templated":true}]}}