{"id":198652,"date":"2024-11-08T15:56:10","date_gmt":"2024-11-08T14:56:10","guid":{"rendered":"https:\/\/pop-co.fr\/index.php\/product\/portefeuille-loungefly-disney-winnie-lourson-holiday-scene-3\/"},"modified":"2025-07-29T12:06:30","modified_gmt":"2025-07-29T10:06:30","slug":"portefeuille-loungefly-disney-winnie-lourson-holiday-scene-3","status":"publish","type":"product","link":"https:\/\/pop-co.fr\/index.php\/product\/portefeuille-loungefly-disney-winnie-lourson-holiday-scene-3\/","title":{"rendered":"PORTEFEUILLE LOUNGEFLY &#8211; DISNEY &#8211; Winnie l\u2019ourson holiday scene"},"content":{"rendered":"<p>La For\u00eat des r\u00eaves bleus a l&rsquo;air festive ! Joignez-vous \u00e0 la f\u00eate avec notre portefeuille Winnie l&rsquo;ourson et ses amis de Disney. Un accueil chaleureux vous accueille \u00e0 la porte de l&rsquo;arbre de Winnie l&rsquo;ourson. Les d\u00e9tails appliqu\u00e9s r\u00e9v\u00e8lent Winnie l&rsquo;ourson, ainsi que Porcinet, Bourriquet et Tigrou de Disney avec une couronne autour du cou. Les d\u00e9tails phosphorescents permettent une pr\u00e9sentation festive, tandis que des lumi\u00e8res color\u00e9es encadrent la sc\u00e8ne en haut. Au dos, Porcinet fait une apparition amusante en tant qu&rsquo;imprim\u00e9 \u00e0 l&rsquo;int\u00e9rieur d&rsquo;un pot de miel. Rendez la saison encore plus joyeuse et lumineuse avec cet accessoire adorable.<br \/>\nCaract\u00e9ristiques :<br \/>\nCuir v\u00e9g\u00e9talien (polyur\u00e9thane)<br \/>\nEnviron quatre emplacements pour contenir des cartes<br \/>\nUn porte-carte d&rsquo;identit\u00e9 transparent avec une forme de n\u0153ud d\u00e9coup\u00e9e<br \/>\nFermeture \u00e9clair pour s\u00e9curiser les articles<br \/>\nQuincaillerie en m\u00e9tal dor\u00e9 brillant<br \/>\nD\u00e9tails appliqu\u00e9s, en relief, paillet\u00e9s, phosphorescents et imprim\u00e9s<br \/>\nDoublure int\u00e9rieure coordonn\u00e9e<\/p>\n","protected":false},"excerpt":{"rendered":"<p>La For\u00eat des r\u00eaves bleus a l&rsquo;air festive ! Joignez-vous \u00e0 la f\u00eate avec notre portefeuille Winnie l&rsquo;ourson et ses amis de Disney. Un accueil chaleureux vous accueille \u00e0 la porte de l&rsquo;arbre de Winnie l&rsquo;ourson. Les d\u00e9tails appliqu\u00e9s r\u00e9v\u00e8lent Winnie l&rsquo;ourson, ainsi que Porcinet, Bourriquet et Tigrou de Disney avec une couronne autour du [&hellip;]<\/p>\n","protected":false},"featured_media":356741,"comment_status":"open","ping_status":"closed","template":"","meta":[],"product_cat":[47,48],"product_tag":[],"aioseo_notices":[],"jetpack_sharing_enabled":true,"_links":{"self":[{"href":"https:\/\/pop-co.fr\/index.php\/wp-json\/wp\/v2\/product\/198652"}],"collection":[{"href":"https:\/\/pop-co.fr\/index.php\/wp-json\/wp\/v2\/product"}],"about":[{"href":"https:\/\/pop-co.fr\/index.php\/wp-json\/wp\/v2\/types\/product"}],"replies":[{"embeddable":true,"href":"https:\/\/pop-co.fr\/index.php\/wp-json\/wp\/v2\/comments?post=198652"}],"version-history":[{"count":0,"href":"https:\/\/pop-co.fr\/index.php\/wp-json\/wp\/v2\/product\/198652\/revisions"}],"wp:featuredmedia":[{"embeddable":true,"href":"https:\/\/pop-co.fr\/index.php\/wp-json\/wp\/v2\/media\/356741"}],"wp:attachment":[{"href":"https:\/\/pop-co.fr\/index.php\/wp-json\/wp\/v2\/media?parent=198652"}],"wp:term":[{"taxonomy":"product_cat","embeddable":true,"href":"https:\/\/pop-co.fr\/index.php\/wp-json\/wp\/v2\/product_cat?post=198652"},{"taxonomy":"product_tag","embeddable":true,"href":"https:\/\/pop-co.fr\/index.php\/wp-json\/wp\/v2\/product_tag?post=198652"}],"curies":[{"name":"wp","href":"https:\/\/api.w.org\/{rel}","templated":true}]}}