{"id":198994,"date":"2024-11-08T17:13:35","date_gmt":"2024-11-08T16:13:35","guid":{"rendered":"https:\/\/pop-co.fr\/index.php\/product\/tote-bag-fnaf-freddy-fazbears-pizzaplex\/"},"modified":"2025-06-28T12:11:10","modified_gmt":"2025-06-28T10:11:10","slug":"tote-bag-fnaf-freddy-fazbears-pizzaplex","status":"publish","type":"product","link":"https:\/\/pop-co.fr\/index.php\/product\/tote-bag-fnaf-freddy-fazbears-pizzaplex\/","title":{"rendered":"TOTE BAG &#8211; FNAF &#8211; Freddy Fazbear\u2019s Pizzaplex"},"content":{"rendered":"<p>Bienvenue chez Freddy Fazbear&rsquo;s Pizza. Un endroit magique pour les enfants et les adultes, o\u00f9 la fantaisie et le plaisir prennent vie ! <\/p>\n<p>Ce sac fourre-tout sous licence officielle reprend le logo du Pizzaplex de Freddy Fazbear, tir\u00e9 du c\u00e9l\u00e8bre jeu d&rsquo;horreur de Scott Cawthon, Five Nights at Freddy&rsquo;s. Il mesure 40 x 40 cm et est imprim\u00e9 au Royaume-Uni sur du coton \u00e0 100 %.<\/p>\n<p>&#8211; Licence officielle<br \/>\n&#8211; Sac 400 x 400 mm<br \/>\n&#8211; 100% coton<br \/>\n&#8211; Imprim\u00e9 au Royaume-Uni<\/p>\n","protected":false},"excerpt":{"rendered":"<p>Bienvenue chez Freddy Fazbear&rsquo;s Pizza. Un endroit magique pour les enfants et les adultes, o\u00f9 la fantaisie et le plaisir prennent vie ! Ce sac fourre-tout sous licence officielle reprend le logo du Pizzaplex de Freddy Fazbear, tir\u00e9 du c\u00e9l\u00e8bre jeu d&rsquo;horreur de Scott Cawthon, Five Nights at Freddy&rsquo;s. Il mesure 40 x 40 cm [&hellip;]<\/p>\n","protected":false},"featured_media":315811,"comment_status":"open","ping_status":"closed","template":"","meta":[],"product_cat":[38,34],"product_tag":[],"aioseo_notices":[],"jetpack_sharing_enabled":true,"_links":{"self":[{"href":"https:\/\/pop-co.fr\/index.php\/wp-json\/wp\/v2\/product\/198994"}],"collection":[{"href":"https:\/\/pop-co.fr\/index.php\/wp-json\/wp\/v2\/product"}],"about":[{"href":"https:\/\/pop-co.fr\/index.php\/wp-json\/wp\/v2\/types\/product"}],"replies":[{"embeddable":true,"href":"https:\/\/pop-co.fr\/index.php\/wp-json\/wp\/v2\/comments?post=198994"}],"version-history":[{"count":0,"href":"https:\/\/pop-co.fr\/index.php\/wp-json\/wp\/v2\/product\/198994\/revisions"}],"wp:featuredmedia":[{"embeddable":true,"href":"https:\/\/pop-co.fr\/index.php\/wp-json\/wp\/v2\/media\/315811"}],"wp:attachment":[{"href":"https:\/\/pop-co.fr\/index.php\/wp-json\/wp\/v2\/media?parent=198994"}],"wp:term":[{"taxonomy":"product_cat","embeddable":true,"href":"https:\/\/pop-co.fr\/index.php\/wp-json\/wp\/v2\/product_cat?post=198994"},{"taxonomy":"product_tag","embeddable":true,"href":"https:\/\/pop-co.fr\/index.php\/wp-json\/wp\/v2\/product_tag?post=198994"}],"curies":[{"name":"wp","href":"https:\/\/api.w.org\/{rel}","templated":true}]}}