{"id":199810,"date":"2024-11-09T10:15:44","date_gmt":"2024-11-09T09:15:44","guid":{"rendered":"https:\/\/pop-co.fr\/index.php\/product\/one-piece-pop-n1775-roronoa-zoro\/"},"modified":"2025-06-28T12:09:50","modified_gmt":"2025-06-28T10:09:50","slug":"one-piece-pop-n1775-roronoa-zoro","status":"publish","type":"product","link":"https:\/\/pop-co.fr\/index.php\/product\/one-piece-pop-n1775-roronoa-zoro\/","title":{"rendered":"ONE PIECE &#8211; POP N\u00b01775 &#8211; Roronoa Zoro"},"content":{"rendered":"<p>Compl\u00e9tez l&rsquo;\u00e9quipage scabreux des Pirates au chapeau de paille avec Pop ! Roronoa Zoro ! Donne \u00e0 cet \u00e9p\u00e9iste un endroit o\u00f9 jeter l&rsquo;ancre lorsque tu l&rsquo;accueilleras dans ta collection One Piece.<\/p>\n","protected":false},"excerpt":{"rendered":"<p>Compl\u00e9tez l&rsquo;\u00e9quipage scabreux des Pirates au chapeau de paille avec Pop ! Roronoa Zoro ! Donne \u00e0 cet \u00e9p\u00e9iste un endroit o\u00f9 jeter l&rsquo;ancre lorsque tu l&rsquo;accueilleras dans ta collection One Piece.<\/p>\n","protected":false},"featured_media":312031,"comment_status":"open","ping_status":"closed","template":"","meta":[],"product_cat":[17,22],"product_tag":[],"aioseo_notices":[],"jetpack_sharing_enabled":true,"_links":{"self":[{"href":"https:\/\/pop-co.fr\/index.php\/wp-json\/wp\/v2\/product\/199810"}],"collection":[{"href":"https:\/\/pop-co.fr\/index.php\/wp-json\/wp\/v2\/product"}],"about":[{"href":"https:\/\/pop-co.fr\/index.php\/wp-json\/wp\/v2\/types\/product"}],"replies":[{"embeddable":true,"href":"https:\/\/pop-co.fr\/index.php\/wp-json\/wp\/v2\/comments?post=199810"}],"version-history":[{"count":0,"href":"https:\/\/pop-co.fr\/index.php\/wp-json\/wp\/v2\/product\/199810\/revisions"}],"wp:featuredmedia":[{"embeddable":true,"href":"https:\/\/pop-co.fr\/index.php\/wp-json\/wp\/v2\/media\/312031"}],"wp:attachment":[{"href":"https:\/\/pop-co.fr\/index.php\/wp-json\/wp\/v2\/media?parent=199810"}],"wp:term":[{"taxonomy":"product_cat","embeddable":true,"href":"https:\/\/pop-co.fr\/index.php\/wp-json\/wp\/v2\/product_cat?post=199810"},{"taxonomy":"product_tag","embeddable":true,"href":"https:\/\/pop-co.fr\/index.php\/wp-json\/wp\/v2\/product_tag?post=199810"}],"curies":[{"name":"wp","href":"https:\/\/api.w.org\/{rel}","templated":true}]}}