{"id":201041,"date":"2024-11-15T10:13:42","date_gmt":"2024-11-15T09:13:42","guid":{"rendered":"https:\/\/pop-co.fr\/index.php\/product\/pins-mystere-hello-kitty-kitty-chan-50eme-anniversaire\/"},"modified":"2025-07-08T17:14:38","modified_gmt":"2025-07-08T15:14:38","slug":"pins-mystere-hello-kitty-kitty-chan-50eme-anniversaire","status":"publish","type":"product","link":"https:\/\/pop-co.fr\/index.php\/product\/pins-mystere-hello-kitty-kitty-chan-50eme-anniversaire\/","title":{"rendered":"PIN&rsquo;S MYSTERE &#8211; HELLO KITTY &#8211; Kitty-chan 50\u00e8me anniversaire"},"content":{"rendered":"<p>*ATTENTION PRODUIT AL\u00c9ATOIRE NE POUVANT \u00caTRE RETOURN\u00c9*<\/p>\n<p>Devinez qui est clairement gentil avec un n\u0153ud qui est soign\u00e9 ! Saluez quelques accessoires brillants, mettant en vedette Hello Kitty. Chaque \u00e9pingle affiche un motif en \u00e9mail bleu et rose qui donne l\u2019impression d\u2019un \u00ab liquide \u00bb \u00e0 l\u2019int\u00e9rieur d\u2019un \u00ab r\u00e9cipient \u00bb transparent. Dans cet ensemble, vous trouverez peut-\u00eatre un bocal \u00e0 poissons avec un poisson, un n\u0153ud, Hello Kitty avec un n\u0153ud sp\u00e9cial 50e anniversaire (assis), Hello Kitty avec un n\u0153ud sp\u00e9cial 50e anniversaire (debout) et le pot \u00e0 lait de Hello Kitty avec une paille. . Les \u00e9pingles sont vendues individuellement et dans un emballage bo\u00eete myst\u00e8re. Il y a 1 chance sur 12 que vous trouviez la poursuite scintillante de Hello Kitty avec son arc du 50e anniversaire. Attachez votre n\u0153ud et c&rsquo;est parti pour c\u00e9l\u00e9brer avec style.<br \/>\nChaque \u00e9pingle en \u00e9mail mesure environ 3,8 cm et comporte une quincaillerie en m\u00e9tal argent\u00e9 brillant et une couronne grav\u00e9e Loungefly\/Funko.<br \/>\nCes \u00e9pingles sont des produits Sanrio sous licence officielle.<\/p>\n","protected":false},"excerpt":{"rendered":"<p>*ATTENTION PRODUIT AL\u00c9ATOIRE NE POUVANT \u00caTRE RETOURN\u00c9* Devinez qui est clairement gentil avec un n\u0153ud qui est soign\u00e9 ! Saluez quelques accessoires brillants, mettant en vedette Hello Kitty. Chaque \u00e9pingle affiche un motif en \u00e9mail bleu et rose qui donne l\u2019impression d\u2019un \u00ab liquide \u00bb \u00e0 l\u2019int\u00e9rieur d\u2019un \u00ab r\u00e9cipient \u00bb transparent. Dans cet ensemble, [&hellip;]<\/p>\n","protected":false},"featured_media":353963,"comment_status":"open","ping_status":"closed","template":"","meta":[],"product_cat":[80,17],"product_tag":[],"aioseo_notices":[],"jetpack_sharing_enabled":true,"_links":{"self":[{"href":"https:\/\/pop-co.fr\/index.php\/wp-json\/wp\/v2\/product\/201041"}],"collection":[{"href":"https:\/\/pop-co.fr\/index.php\/wp-json\/wp\/v2\/product"}],"about":[{"href":"https:\/\/pop-co.fr\/index.php\/wp-json\/wp\/v2\/types\/product"}],"replies":[{"embeddable":true,"href":"https:\/\/pop-co.fr\/index.php\/wp-json\/wp\/v2\/comments?post=201041"}],"version-history":[{"count":0,"href":"https:\/\/pop-co.fr\/index.php\/wp-json\/wp\/v2\/product\/201041\/revisions"}],"wp:featuredmedia":[{"embeddable":true,"href":"https:\/\/pop-co.fr\/index.php\/wp-json\/wp\/v2\/media\/353963"}],"wp:attachment":[{"href":"https:\/\/pop-co.fr\/index.php\/wp-json\/wp\/v2\/media?parent=201041"}],"wp:term":[{"taxonomy":"product_cat","embeddable":true,"href":"https:\/\/pop-co.fr\/index.php\/wp-json\/wp\/v2\/product_cat?post=201041"},{"taxonomy":"product_tag","embeddable":true,"href":"https:\/\/pop-co.fr\/index.php\/wp-json\/wp\/v2\/product_tag?post=201041"}],"curies":[{"name":"wp","href":"https:\/\/api.w.org\/{rel}","templated":true}]}}