{"id":201050,"date":"2024-11-15T10:13:54","date_gmt":"2024-11-15T09:13:54","guid":{"rendered":"https:\/\/pop-co.fr\/index.php\/product\/porte-cles-minions-stuart\/"},"modified":"2025-06-28T12:08:52","modified_gmt":"2025-06-28T10:08:52","slug":"porte-cles-minions-stuart","status":"publish","type":"product","link":"https:\/\/pop-co.fr\/index.php\/product\/porte-cles-minions-stuart\/","title":{"rendered":"PORTE CLES &#8211; MINIONS &#8211; Stuart"},"content":{"rendered":"<p>MINIONS &#8211; Stuart &#8211; Porte-cl\u00e9s Sac \u00e0 dos Soft Touch<br \/>\nPorte-cl\u00e9s sous licence officielle<\/p>\n","protected":false},"excerpt":{"rendered":"<p>MINIONS &#8211; Stuart &#8211; Porte-cl\u00e9s Sac \u00e0 dos Soft Touch Porte-cl\u00e9s sous licence officielle<\/p>\n","protected":false},"featured_media":216612,"comment_status":"open","ping_status":"closed","template":"","meta":[],"product_cat":[29],"product_tag":[],"aioseo_notices":[],"jetpack_sharing_enabled":true,"_links":{"self":[{"href":"https:\/\/pop-co.fr\/index.php\/wp-json\/wp\/v2\/product\/201050"}],"collection":[{"href":"https:\/\/pop-co.fr\/index.php\/wp-json\/wp\/v2\/product"}],"about":[{"href":"https:\/\/pop-co.fr\/index.php\/wp-json\/wp\/v2\/types\/product"}],"replies":[{"embeddable":true,"href":"https:\/\/pop-co.fr\/index.php\/wp-json\/wp\/v2\/comments?post=201050"}],"version-history":[{"count":0,"href":"https:\/\/pop-co.fr\/index.php\/wp-json\/wp\/v2\/product\/201050\/revisions"}],"wp:featuredmedia":[{"embeddable":true,"href":"https:\/\/pop-co.fr\/index.php\/wp-json\/wp\/v2\/media\/216612"}],"wp:attachment":[{"href":"https:\/\/pop-co.fr\/index.php\/wp-json\/wp\/v2\/media?parent=201050"}],"wp:term":[{"taxonomy":"product_cat","embeddable":true,"href":"https:\/\/pop-co.fr\/index.php\/wp-json\/wp\/v2\/product_cat?post=201050"},{"taxonomy":"product_tag","embeddable":true,"href":"https:\/\/pop-co.fr\/index.php\/wp-json\/wp\/v2\/product_tag?post=201050"}],"curies":[{"name":"wp","href":"https:\/\/api.w.org\/{rel}","templated":true}]}}