{"id":2029,"date":"2024-02-20T17:53:49","date_gmt":"2024-02-20T16:53:49","guid":{"rendered":"https:\/\/pop-co.fr\/index.php\/product\/demon-slayer-pop-n1407-haganezuka\/"},"modified":"2025-07-17T14:38:22","modified_gmt":"2025-07-17T12:38:22","slug":"demon-slayer-pop-n1407-haganezuka","status":"publish","type":"product","link":"https:\/\/pop-co.fr\/index.php\/product\/demon-slayer-pop-n1407-haganezuka\/","title":{"rendered":"DEMON SLAYER &#8211; POP N\u00b01407 Haganezuka"},"content":{"rendered":"<p>Seuls deux membres de la famille Kamado ont surv\u00e9cu \u00e0 une attaque de d\u00e9mons, et Tanjiro et Nezuko veulent maintenant se venger. \u00c9largissez votre collection de tueurs de d\u00e9mons avec cette figurine Pop ! Haganezuka.<\/p>\n","protected":false},"excerpt":{"rendered":"<p>Seuls deux membres de la famille Kamado ont surv\u00e9cu \u00e0 une attaque de d\u00e9mons, et Tanjiro et Nezuko veulent maintenant se venger. \u00c9largissez votre collection de tueurs de d\u00e9mons avec cette figurine Pop ! Haganezuka.<\/p>\n","protected":false},"featured_media":354664,"comment_status":"open","ping_status":"closed","template":"","meta":[],"product_cat":[24,17],"product_tag":[],"aioseo_notices":[],"jetpack_sharing_enabled":true,"_links":{"self":[{"href":"https:\/\/pop-co.fr\/index.php\/wp-json\/wp\/v2\/product\/2029"}],"collection":[{"href":"https:\/\/pop-co.fr\/index.php\/wp-json\/wp\/v2\/product"}],"about":[{"href":"https:\/\/pop-co.fr\/index.php\/wp-json\/wp\/v2\/types\/product"}],"replies":[{"embeddable":true,"href":"https:\/\/pop-co.fr\/index.php\/wp-json\/wp\/v2\/comments?post=2029"}],"version-history":[{"count":0,"href":"https:\/\/pop-co.fr\/index.php\/wp-json\/wp\/v2\/product\/2029\/revisions"}],"wp:featuredmedia":[{"embeddable":true,"href":"https:\/\/pop-co.fr\/index.php\/wp-json\/wp\/v2\/media\/354664"}],"wp:attachment":[{"href":"https:\/\/pop-co.fr\/index.php\/wp-json\/wp\/v2\/media?parent=2029"}],"wp:term":[{"taxonomy":"product_cat","embeddable":true,"href":"https:\/\/pop-co.fr\/index.php\/wp-json\/wp\/v2\/product_cat?post=2029"},{"taxonomy":"product_tag","embeddable":true,"href":"https:\/\/pop-co.fr\/index.php\/wp-json\/wp\/v2\/product_tag?post=2029"}],"curies":[{"name":"wp","href":"https:\/\/api.w.org\/{rel}","templated":true}]}}