{"id":204530,"date":"2024-11-16T16:41:47","date_gmt":"2024-11-16T15:41:47","guid":{"rendered":"https:\/\/pop-co.fr\/index.php\/product\/boules-de-noel-x7-disney-stitch-pompons-2\/"},"modified":"2025-06-28T12:05:53","modified_gmt":"2025-06-28T10:05:53","slug":"boules-de-noel-x7-disney-stitch-pompons-2","status":"publish","type":"product","link":"https:\/\/pop-co.fr\/index.php\/product\/boules-de-noel-x7-disney-stitch-pompons-2\/","title":{"rendered":"BOULES DE NOEL X7 &#8211; DISNEY &#8211; Stitch pompons"},"content":{"rendered":"<p>Un ensemble de 7 boules de Stitch avec des pompons par DISNEY\u00ae.<\/p>\n<p>Ces d\u00e9corations amusantes seront suspendues fi\u00e8rement et brillamment au sapin de No\u00ebl tout au long du mois de d\u00e9cembre.<\/p>\n<p>Les boules rondes et transparentes pr\u00e9sentent des motifs festifs individuels \u00e0 l&rsquo;effigie de Stitch de Lilo &amp; Stitch, avec des pompons color\u00e9s \u00e0 l&rsquo;int\u00e9rieur. Elles sont suspendues \u00e0 l&rsquo;arbre de No\u00ebl \u00e0 l&rsquo;aide de leurs rubans accrocheurs.<\/p>\n<p>Les boules sont emball\u00e9es dans une bo\u00eete blanche ferm\u00e9e.<\/p>\n","protected":false},"excerpt":{"rendered":"<p>Un ensemble de 7 boules de Stitch avec des pompons par DISNEY\u00ae. Ces d\u00e9corations amusantes seront suspendues fi\u00e8rement et brillamment au sapin de No\u00ebl tout au long du mois de d\u00e9cembre. Les boules rondes et transparentes pr\u00e9sentent des motifs festifs individuels \u00e0 l&rsquo;effigie de Stitch de Lilo &amp; Stitch, avec des pompons color\u00e9s \u00e0 l&rsquo;int\u00e9rieur. [&hellip;]<\/p>\n","protected":false},"featured_media":337006,"comment_status":"open","ping_status":"closed","template":"","meta":[],"product_cat":[30],"product_tag":[],"aioseo_notices":[],"jetpack_sharing_enabled":true,"_links":{"self":[{"href":"https:\/\/pop-co.fr\/index.php\/wp-json\/wp\/v2\/product\/204530"}],"collection":[{"href":"https:\/\/pop-co.fr\/index.php\/wp-json\/wp\/v2\/product"}],"about":[{"href":"https:\/\/pop-co.fr\/index.php\/wp-json\/wp\/v2\/types\/product"}],"replies":[{"embeddable":true,"href":"https:\/\/pop-co.fr\/index.php\/wp-json\/wp\/v2\/comments?post=204530"}],"version-history":[{"count":0,"href":"https:\/\/pop-co.fr\/index.php\/wp-json\/wp\/v2\/product\/204530\/revisions"}],"wp:featuredmedia":[{"embeddable":true,"href":"https:\/\/pop-co.fr\/index.php\/wp-json\/wp\/v2\/media\/337006"}],"wp:attachment":[{"href":"https:\/\/pop-co.fr\/index.php\/wp-json\/wp\/v2\/media?parent=204530"}],"wp:term":[{"taxonomy":"product_cat","embeddable":true,"href":"https:\/\/pop-co.fr\/index.php\/wp-json\/wp\/v2\/product_cat?post=204530"},{"taxonomy":"product_tag","embeddable":true,"href":"https:\/\/pop-co.fr\/index.php\/wp-json\/wp\/v2\/product_tag?post=204530"}],"curies":[{"name":"wp","href":"https:\/\/api.w.org\/{rel}","templated":true}]}}