{"id":2047,"date":"2024-02-20T17:54:11","date_gmt":"2024-02-20T16:54:11","guid":{"rendered":"https:\/\/pop-co.fr\/index.php\/product\/t-shirt-one-piece-gear-5th-m\/"},"modified":"2025-07-22T18:59:48","modified_gmt":"2025-07-22T16:59:48","slug":"t-shirt-one-piece-gear-5th-m","status":"publish","type":"product","link":"https:\/\/pop-co.fr\/index.php\/product\/t-shirt-one-piece-gear-5th-m\/","title":{"rendered":"T-SHIRT &#8211; ONE PIECE &#8211; Gear 5th (M)"},"content":{"rendered":"<p>Devenez aussi dingue et impr\u00e9visible que Luffy suite \u00e0 sa nouvelle transformation Gear 5th gr\u00e2ce \u00e0 ce superbe t-shirt One Piece par ABYstyle ! <\/p>\n<p>&#8211; Coupe ample et tubulaire, col rond ras du cou double \u00e9paisseur en c\u00f4te 1&#215;1<br \/>\n&#8211; T-shirt d&rsquo;excellente qualit\u00e9 : 150g\/m\u00b2, 100% coton<br \/>\n&#8211; Mod\u00e8le homme disponible en 6 tailles : XS, S, M, L, XL, XXL<br \/>\n&#8211; Coloris : Noir<\/p>\n","protected":false},"excerpt":{"rendered":"<p>Devenez aussi dingue et impr\u00e9visible que Luffy suite \u00e0 sa nouvelle transformation Gear 5th gr\u00e2ce \u00e0 ce superbe t-shirt One Piece par ABYstyle ! &#8211; Coupe ample et tubulaire, col rond ras du cou double \u00e9paisseur en c\u00f4te 1&#215;1 &#8211; T-shirt d&rsquo;excellente qualit\u00e9 : 150g\/m\u00b2, 100% coton &#8211; Mod\u00e8le homme disponible en 6 tailles : [&hellip;]<\/p>\n","protected":false},"featured_media":355005,"comment_status":"open","ping_status":"closed","template":"","meta":[],"product_cat":[47,49],"product_tag":[],"aioseo_notices":[],"jetpack_sharing_enabled":true,"_links":{"self":[{"href":"https:\/\/pop-co.fr\/index.php\/wp-json\/wp\/v2\/product\/2047"}],"collection":[{"href":"https:\/\/pop-co.fr\/index.php\/wp-json\/wp\/v2\/product"}],"about":[{"href":"https:\/\/pop-co.fr\/index.php\/wp-json\/wp\/v2\/types\/product"}],"replies":[{"embeddable":true,"href":"https:\/\/pop-co.fr\/index.php\/wp-json\/wp\/v2\/comments?post=2047"}],"version-history":[{"count":0,"href":"https:\/\/pop-co.fr\/index.php\/wp-json\/wp\/v2\/product\/2047\/revisions"}],"wp:featuredmedia":[{"embeddable":true,"href":"https:\/\/pop-co.fr\/index.php\/wp-json\/wp\/v2\/media\/355005"}],"wp:attachment":[{"href":"https:\/\/pop-co.fr\/index.php\/wp-json\/wp\/v2\/media?parent=2047"}],"wp:term":[{"taxonomy":"product_cat","embeddable":true,"href":"https:\/\/pop-co.fr\/index.php\/wp-json\/wp\/v2\/product_cat?post=2047"},{"taxonomy":"product_tag","embeddable":true,"href":"https:\/\/pop-co.fr\/index.php\/wp-json\/wp\/v2\/product_tag?post=2047"}],"curies":[{"name":"wp","href":"https:\/\/api.w.org\/{rel}","templated":true}]}}