{"id":205537,"date":"2024-11-19T11:30:40","date_gmt":"2024-11-19T10:30:40","guid":{"rendered":"https:\/\/pop-co.fr\/index.php\/product\/porte-cles-jujutsu-kaisen-doigt-sukuna\/"},"modified":"2025-06-28T12:04:51","modified_gmt":"2025-06-28T10:04:51","slug":"porte-cles-jujutsu-kaisen-doigt-sukuna","status":"publish","type":"product","link":"https:\/\/pop-co.fr\/index.php\/product\/porte-cles-jujutsu-kaisen-doigt-sukuna\/","title":{"rendered":"PORTE CLES &#8211; JUJUTSU KAISEN  &#8211; Doigt de Sukuna"},"content":{"rendered":"<p>Les doigts du Roi des Fl\u00e9aux Ryomen Sukuna sont des reliques extr\u00eamement puissantes. Il faut \u00e0 tout prix \u00e9viter qu\u2019elles tombent entre de mauvaises mains, ou les cons\u00e9quences pourraient \u00eatre d\u00e9sastreuses. C\u2019est, malheureusement pour lui, Yuji Itadori qui se retrouve r\u00e9ceptacle du fl\u00e9au apr\u00e8s avoir mang\u00e9 une de ces reliques ! Vous retrouverez l\u2019un des doigts de Sukuna sur ce porte-cl\u00e9s 3D Jujutsu Kaisen par ABYstyle. <\/p>\n<p>&#8211; Porte-cl\u00e9s en plastique<br \/>\n&#8211; Dimensions : H. 6 cm x L. 1,8 cm x P. 1 cm<\/p>\n","protected":false},"excerpt":{"rendered":"<p>Les doigts du Roi des Fl\u00e9aux Ryomen Sukuna sont des reliques extr\u00eamement puissantes. Il faut \u00e0 tout prix \u00e9viter qu\u2019elles tombent entre de mauvaises mains, ou les cons\u00e9quences pourraient \u00eatre d\u00e9sastreuses. C\u2019est, malheureusement pour lui, Yuji Itadori qui se retrouve r\u00e9ceptacle du fl\u00e9au apr\u00e8s avoir mang\u00e9 une de ces reliques ! Vous retrouverez l\u2019un des [&hellip;]<\/p>\n","protected":false},"featured_media":260187,"comment_status":"open","ping_status":"closed","template":"","meta":[],"product_cat":[17,28],"product_tag":[],"aioseo_notices":[],"jetpack_sharing_enabled":true,"_links":{"self":[{"href":"https:\/\/pop-co.fr\/index.php\/wp-json\/wp\/v2\/product\/205537"}],"collection":[{"href":"https:\/\/pop-co.fr\/index.php\/wp-json\/wp\/v2\/product"}],"about":[{"href":"https:\/\/pop-co.fr\/index.php\/wp-json\/wp\/v2\/types\/product"}],"replies":[{"embeddable":true,"href":"https:\/\/pop-co.fr\/index.php\/wp-json\/wp\/v2\/comments?post=205537"}],"version-history":[{"count":0,"href":"https:\/\/pop-co.fr\/index.php\/wp-json\/wp\/v2\/product\/205537\/revisions"}],"wp:featuredmedia":[{"embeddable":true,"href":"https:\/\/pop-co.fr\/index.php\/wp-json\/wp\/v2\/media\/260187"}],"wp:attachment":[{"href":"https:\/\/pop-co.fr\/index.php\/wp-json\/wp\/v2\/media?parent=205537"}],"wp:term":[{"taxonomy":"product_cat","embeddable":true,"href":"https:\/\/pop-co.fr\/index.php\/wp-json\/wp\/v2\/product_cat?post=205537"},{"taxonomy":"product_tag","embeddable":true,"href":"https:\/\/pop-co.fr\/index.php\/wp-json\/wp\/v2\/product_tag?post=205537"}],"curies":[{"name":"wp","href":"https:\/\/api.w.org\/{rel}","templated":true}]}}