{"id":2060,"date":"2024-02-20T17:54:29","date_gmt":"2024-02-20T16:54:29","guid":{"rendered":"https:\/\/pop-co.fr\/index.php\/product\/magnet-3d-disney-stitch-experience-626\/"},"modified":"2025-07-29T11:21:03","modified_gmt":"2025-07-29T09:21:03","slug":"magnet-3d-disney-stitch-experience-626","status":"publish","type":"product","link":"https:\/\/pop-co.fr\/index.php\/product\/magnet-3d-disney-stitch-experience-626\/","title":{"rendered":"MAGNET 3D &#8211; DISNEY &#8211; Stitch exp\u00e9rience 626"},"content":{"rendered":"<p>Ajoutez une touche ludique \u00e0 votre collection Lilo &#038; Stitch avec cet aimant en mousse 3D mettant en vedette Stitch et de d\u00e9licieuses friandises. Ce design captivant capture la jovialit\u00e9 de Stitch tandis qu&rsquo;il savoure des mets d\u00e9licieux.rnrnFabriqu\u00e9 en mousse l\u00e9g\u00e8re et durable, cet aimant est parfait pour orner votre r\u00e9frig\u00e9rateur, votre tableau magn\u00e9tique ou toute surface m\u00e9tallique, ajoutant une touche joyeuse \u00e0 votre espace.rnrnLe design 3D de haute qualit\u00e9 donne vie \u00e0 Stitch et \u00e0 sa passion pour la cuisine, offrant un rappel amusant de l&rsquo;univers enchanteur de Lilo &#038; Stitch \u00e0 chaque regard.rnrnOptez pour cet aimant \u00e0 collectionner en mousse 3D de Stitch avec de la nourriture, un ajout color\u00e9 et amusant pour les amateurs de ce duo attachant de Disney.rnFabriqu\u00e9 en mousse l\u00e9g\u00e8re et durable, cet aimant est parfait pour orner votre r\u00e9frig\u00e9rateur, votre tableau magn\u00e9tique ou toute surface m\u00e9tallique, ajoutant une touche joyeuse \u00e0 votre espace.rnrnLe design 3D de haute qualit\u00e9 donne vie \u00e0 Stitch et \u00e0 sa passion pour la cuisine, offrant un rappel amusant de l&rsquo;univers enchanteur de Lilo &#038; Stitch \u00e0 chaque regard.rnrnOptez pour cet aimant \u00e0 collectionner en mousse 3D de Stitch avec de la nourriture, un ajout color\u00e9 et amusant pour les amateurs de ce duo attachant de Disney.rnFabriqu\u00e9 en mousse l\u00e9g\u00e8re et durable, cet aimant est parfait pour orner votre r\u00e9frig\u00e9rateur, votre tableau magn\u00e9tique ou toute surface m\u00e9tallique, ajoutant une touche joyeuse \u00e0 votre espace.rnrnLe design 3D de haute qualit\u00e9 donne vie \u00e0 Stitch et \u00e0 sa passion pour la cuisine, offrant un rappel amusant de l&rsquo;univers enchanteur de Lilo &#038; Stitch \u00e0 chaque regard.rnrnOptez pour cet aimant \u00e0 collectionner en mousse 3D de Stitch avec de la nourriture, un ajout color\u00e9 et amusant pour les amateurs de ce duo attachant de Disney.<\/p>\n","protected":false},"excerpt":{"rendered":"<p>Ajoutez une touche ludique \u00e0 votre collection Lilo &#038; Stitch avec cet aimant en mousse 3D mettant en vedette Stitch et de d\u00e9licieuses friandises. Ce design captivant capture la jovialit\u00e9 de Stitch tandis qu&rsquo;il savoure des mets d\u00e9licieux.rnrnFabriqu\u00e9 en mousse l\u00e9g\u00e8re et durable, cet aimant est parfait pour orner votre r\u00e9frig\u00e9rateur, votre tableau magn\u00e9tique ou [&hellip;]<\/p>\n","protected":false},"featured_media":356312,"comment_status":"open","ping_status":"closed","template":"","meta":[],"product_cat":[30],"product_tag":[],"aioseo_notices":[],"jetpack_sharing_enabled":true,"_links":{"self":[{"href":"https:\/\/pop-co.fr\/index.php\/wp-json\/wp\/v2\/product\/2060"}],"collection":[{"href":"https:\/\/pop-co.fr\/index.php\/wp-json\/wp\/v2\/product"}],"about":[{"href":"https:\/\/pop-co.fr\/index.php\/wp-json\/wp\/v2\/types\/product"}],"replies":[{"embeddable":true,"href":"https:\/\/pop-co.fr\/index.php\/wp-json\/wp\/v2\/comments?post=2060"}],"version-history":[{"count":0,"href":"https:\/\/pop-co.fr\/index.php\/wp-json\/wp\/v2\/product\/2060\/revisions"}],"wp:featuredmedia":[{"embeddable":true,"href":"https:\/\/pop-co.fr\/index.php\/wp-json\/wp\/v2\/media\/356312"}],"wp:attachment":[{"href":"https:\/\/pop-co.fr\/index.php\/wp-json\/wp\/v2\/media?parent=2060"}],"wp:term":[{"taxonomy":"product_cat","embeddable":true,"href":"https:\/\/pop-co.fr\/index.php\/wp-json\/wp\/v2\/product_cat?post=2060"},{"taxonomy":"product_tag","embeddable":true,"href":"https:\/\/pop-co.fr\/index.php\/wp-json\/wp\/v2\/product_tag?post=2060"}],"curies":[{"name":"wp","href":"https:\/\/api.w.org\/{rel}","templated":true}]}}