{"id":207981,"date":"2024-11-19T14:34:56","date_gmt":"2024-11-19T13:34:56","guid":{"rendered":"https:\/\/pop-co.fr\/index.php\/product\/magnet-junji-ito-tomie-3\/"},"modified":"2025-06-28T12:04:49","modified_gmt":"2025-06-28T10:04:49","slug":"magnet-junji-ito-tomie-3","status":"publish","type":"product","link":"https:\/\/pop-co.fr\/index.php\/product\/magnet-junji-ito-tomie-3\/","title":{"rendered":"MAGNET &#8211; JUNJI ITO &#8211; Tomie"},"content":{"rendered":"<p>Dimensions : 2,5 x 0,5 x 4,5 in \/ 6,35 x 1,27 x 11,43 Le Magnet Junji Ito par ABYstyle avec le personnage \u00e9nigmatique et terrifiant de Tomie, l&rsquo;un des personnages les plus embl\u00e9matiques de l\u2019auteur. Ce magnet capture l&rsquo;allure gla\u00e7ante et la beaut\u00e9 inqui\u00e9tante pour lesquelles Tomie est connue, en faisant un incontournable pour les fans des chefs-d&rsquo;\u0153uvre d&rsquo;horreur de Junji Ito. <\/p>\n<p>&#8211; Utilisable sur toutes les surfaces m\u00e9talliques<br \/>\n&#8211; Id\u00e9al pour d\u00e9corer votre r\u00e9frig\u00e9rateur<br \/>\n&#8211; Mat\u00e9riaux : papier matt pellicul\u00e9 imprim\u00e9<br \/>\n&#8211; Dimensions : 5,5x8cm<br \/>\n&#8211; Packaging : Polybag et autocollant au dos<\/p>\n","protected":false},"excerpt":{"rendered":"<p>Dimensions : 2,5 x 0,5 x 4,5 in \/ 6,35 x 1,27 x 11,43 Le Magnet Junji Ito par ABYstyle avec le personnage \u00e9nigmatique et terrifiant de Tomie, l&rsquo;un des personnages les plus embl\u00e9matiques de l\u2019auteur. Ce magnet capture l&rsquo;allure gla\u00e7ante et la beaut\u00e9 inqui\u00e9tante pour lesquelles Tomie est connue, en faisant un incontournable pour [&hellip;]<\/p>\n","protected":false},"featured_media":257944,"comment_status":"open","ping_status":"closed","template":"","meta":[],"product_cat":[18,17],"product_tag":[],"aioseo_notices":[],"jetpack_sharing_enabled":true,"_links":{"self":[{"href":"https:\/\/pop-co.fr\/index.php\/wp-json\/wp\/v2\/product\/207981"}],"collection":[{"href":"https:\/\/pop-co.fr\/index.php\/wp-json\/wp\/v2\/product"}],"about":[{"href":"https:\/\/pop-co.fr\/index.php\/wp-json\/wp\/v2\/types\/product"}],"replies":[{"embeddable":true,"href":"https:\/\/pop-co.fr\/index.php\/wp-json\/wp\/v2\/comments?post=207981"}],"version-history":[{"count":0,"href":"https:\/\/pop-co.fr\/index.php\/wp-json\/wp\/v2\/product\/207981\/revisions"}],"wp:featuredmedia":[{"embeddable":true,"href":"https:\/\/pop-co.fr\/index.php\/wp-json\/wp\/v2\/media\/257944"}],"wp:attachment":[{"href":"https:\/\/pop-co.fr\/index.php\/wp-json\/wp\/v2\/media?parent=207981"}],"wp:term":[{"taxonomy":"product_cat","embeddable":true,"href":"https:\/\/pop-co.fr\/index.php\/wp-json\/wp\/v2\/product_cat?post=207981"},{"taxonomy":"product_tag","embeddable":true,"href":"https:\/\/pop-co.fr\/index.php\/wp-json\/wp\/v2\/product_tag?post=207981"}],"curies":[{"name":"wp","href":"https:\/\/api.w.org\/{rel}","templated":true}]}}