{"id":2084,"date":"2024-02-20T17:54:55","date_gmt":"2024-02-20T16:54:55","guid":{"rendered":"https:\/\/pop-co.fr\/index.php\/product\/pop-jumbo-n917-pokemon-goinfrex\/"},"modified":"2025-07-29T11:20:57","modified_gmt":"2025-07-29T09:20:57","slug":"pop-jumbo-n917-pokemon-goinfrex","status":"publish","type":"product","link":"https:\/\/pop-co.fr\/index.php\/product\/pop-jumbo-n917-pokemon-goinfrex\/","title":{"rendered":"POKEMON &#8211; POP JUMBO N\u00b0917 Goinfrex"},"content":{"rendered":"<p>Ton r\u00eave de devenir entra\u00eeneur n&rsquo;est pas hors de port\u00e9e ! Attrape ce Jumbo Pop ! Goinfrex pour enrichir ta collection de Pok\u00e9mon.<\/p>\n","protected":false},"excerpt":{"rendered":"<p>Ton r\u00eave de devenir entra\u00eeneur n&rsquo;est pas hors de port\u00e9e ! Attrape ce Jumbo Pop ! Goinfrex pour enrichir ta collection de Pok\u00e9mon.<\/p>\n","protected":false},"featured_media":356306,"comment_status":"open","ping_status":"closed","template":"","meta":[],"product_cat":[34,20],"product_tag":[],"aioseo_notices":[],"jetpack_sharing_enabled":true,"_links":{"self":[{"href":"https:\/\/pop-co.fr\/index.php\/wp-json\/wp\/v2\/product\/2084"}],"collection":[{"href":"https:\/\/pop-co.fr\/index.php\/wp-json\/wp\/v2\/product"}],"about":[{"href":"https:\/\/pop-co.fr\/index.php\/wp-json\/wp\/v2\/types\/product"}],"replies":[{"embeddable":true,"href":"https:\/\/pop-co.fr\/index.php\/wp-json\/wp\/v2\/comments?post=2084"}],"version-history":[{"count":0,"href":"https:\/\/pop-co.fr\/index.php\/wp-json\/wp\/v2\/product\/2084\/revisions"}],"wp:featuredmedia":[{"embeddable":true,"href":"https:\/\/pop-co.fr\/index.php\/wp-json\/wp\/v2\/media\/356306"}],"wp:attachment":[{"href":"https:\/\/pop-co.fr\/index.php\/wp-json\/wp\/v2\/media?parent=2084"}],"wp:term":[{"taxonomy":"product_cat","embeddable":true,"href":"https:\/\/pop-co.fr\/index.php\/wp-json\/wp\/v2\/product_cat?post=2084"},{"taxonomy":"product_tag","embeddable":true,"href":"https:\/\/pop-co.fr\/index.php\/wp-json\/wp\/v2\/product_tag?post=2084"}],"curies":[{"name":"wp","href":"https:\/\/api.w.org\/{rel}","templated":true}]}}