{"id":2095,"date":"2024-02-20T17:55:07","date_gmt":"2024-02-20T16:55:07","guid":{"rendered":"https:\/\/pop-co.fr\/index.php\/product\/portefeuille-demon-slayer-kamado-tanjiro\/"},"modified":"2025-06-28T13:18:11","modified_gmt":"2025-06-28T11:18:11","slug":"portefeuille-demon-slayer-kamado-tanjiro","status":"publish","type":"product","link":"https:\/\/pop-co.fr\/index.php\/product\/portefeuille-demon-slayer-kamado-tanjiro\/","title":{"rendered":"PORTEFEUILLE &#8211; DEMON SLAYER &#8211; Kamado Tanjiro"},"content":{"rendered":"<p>Vos affaires sont bien \u00e0 l&rsquo;abri avec ce porte-monnaie Demon Slayer par ABYstyle aux couleurs du vaillant Tanjiro ! <\/p>\n<p>&#8211; Plusieurs emplacements de rangement pour une commodit\u00e9 maximale. Permet de placer vos cartes, vos billets et votre monnaie en toute s\u00e9curit\u00e9.<br \/>\n&#8211; Packaging brochable adapt\u00e9 \u00e0 la mise en rayon.<br \/>\n&#8211; Mati\u00e8re : polyur\u00e9thane<br \/>\n&#8211; Dimensions : environ10 cm x 22,5 cm<\/p>\n","protected":false},"excerpt":{"rendered":"<p>Vos affaires sont bien \u00e0 l&rsquo;abri avec ce porte-monnaie Demon Slayer par ABYstyle aux couleurs du vaillant Tanjiro ! &#8211; Plusieurs emplacements de rangement pour une commodit\u00e9 maximale. Permet de placer vos cartes, vos billets et votre monnaie en toute s\u00e9curit\u00e9. &#8211; Packaging brochable adapt\u00e9 \u00e0 la mise en rayon. &#8211; Mati\u00e8re : polyur\u00e9thane &#8211; [&hellip;]<\/p>\n","protected":false},"featured_media":340332,"comment_status":"open","ping_status":"closed","template":"","meta":[],"product_cat":[17,24],"product_tag":[],"aioseo_notices":[],"jetpack_sharing_enabled":true,"_links":{"self":[{"href":"https:\/\/pop-co.fr\/index.php\/wp-json\/wp\/v2\/product\/2095"}],"collection":[{"href":"https:\/\/pop-co.fr\/index.php\/wp-json\/wp\/v2\/product"}],"about":[{"href":"https:\/\/pop-co.fr\/index.php\/wp-json\/wp\/v2\/types\/product"}],"replies":[{"embeddable":true,"href":"https:\/\/pop-co.fr\/index.php\/wp-json\/wp\/v2\/comments?post=2095"}],"version-history":[{"count":0,"href":"https:\/\/pop-co.fr\/index.php\/wp-json\/wp\/v2\/product\/2095\/revisions"}],"wp:featuredmedia":[{"embeddable":true,"href":"https:\/\/pop-co.fr\/index.php\/wp-json\/wp\/v2\/media\/340332"}],"wp:attachment":[{"href":"https:\/\/pop-co.fr\/index.php\/wp-json\/wp\/v2\/media?parent=2095"}],"wp:term":[{"taxonomy":"product_cat","embeddable":true,"href":"https:\/\/pop-co.fr\/index.php\/wp-json\/wp\/v2\/product_cat?post=2095"},{"taxonomy":"product_tag","embeddable":true,"href":"https:\/\/pop-co.fr\/index.php\/wp-json\/wp\/v2\/product_tag?post=2095"}],"curies":[{"name":"wp","href":"https:\/\/api.w.org\/{rel}","templated":true}]}}