{"id":209949,"date":"2024-11-19T17:48:59","date_gmt":"2024-11-19T16:48:59","guid":{"rendered":"https:\/\/pop-co.fr\/index.php\/product\/hokusai-mug-320-ml-grande-vague-2\/"},"modified":"2025-06-28T12:04:30","modified_gmt":"2025-06-28T10:04:30","slug":"hokusai-mug-320-ml-grande-vague-2","status":"publish","type":"product","link":"https:\/\/pop-co.fr\/index.php\/product\/hokusai-mug-320-ml-grande-vague-2\/","title":{"rendered":"MUG &#8211; HOKUSAI &#8211; La Grande vague de Kanagawa"},"content":{"rendered":"<p>Inspir\u00e9 par La grande vague de Kanagawa par Hokusai, ce mug par ABYstyle est \u00e0 la fois moderne et classique ! <\/p>\n<p>&#8211; Mug en c\u00e9ramique de haute qualit\u00e9. Contenance standard (320 ml)<br \/>\n&#8211; Packaging : bo\u00eete cartonn\u00e9e permettant de prot\u00e9ger le mug tout en assurant une visibilit\u00e9 \u00e0 360\u00b0.<br \/>\n&#8211; Convient aux micro-ondes et lave-vaisselle.<\/p>\n","protected":false},"excerpt":{"rendered":"<p>Inspir\u00e9 par La grande vague de Kanagawa par Hokusai, ce mug par ABYstyle est \u00e0 la fois moderne et classique ! &#8211; Mug en c\u00e9ramique de haute qualit\u00e9. Contenance standard (320 ml) &#8211; Packaging : bo\u00eete cartonn\u00e9e permettant de prot\u00e9ger le mug tout en assurant une visibilit\u00e9 \u00e0 360\u00b0. &#8211; Convient aux micro-ondes et lave-vaisselle.<\/p>\n","protected":false},"featured_media":275996,"comment_status":"open","ping_status":"closed","template":"","meta":[],"product_cat":[82,39],"product_tag":[],"aioseo_notices":[],"jetpack_sharing_enabled":true,"_links":{"self":[{"href":"https:\/\/pop-co.fr\/index.php\/wp-json\/wp\/v2\/product\/209949"}],"collection":[{"href":"https:\/\/pop-co.fr\/index.php\/wp-json\/wp\/v2\/product"}],"about":[{"href":"https:\/\/pop-co.fr\/index.php\/wp-json\/wp\/v2\/types\/product"}],"replies":[{"embeddable":true,"href":"https:\/\/pop-co.fr\/index.php\/wp-json\/wp\/v2\/comments?post=209949"}],"version-history":[{"count":0,"href":"https:\/\/pop-co.fr\/index.php\/wp-json\/wp\/v2\/product\/209949\/revisions"}],"wp:featuredmedia":[{"embeddable":true,"href":"https:\/\/pop-co.fr\/index.php\/wp-json\/wp\/v2\/media\/275996"}],"wp:attachment":[{"href":"https:\/\/pop-co.fr\/index.php\/wp-json\/wp\/v2\/media?parent=209949"}],"wp:term":[{"taxonomy":"product_cat","embeddable":true,"href":"https:\/\/pop-co.fr\/index.php\/wp-json\/wp\/v2\/product_cat?post=209949"},{"taxonomy":"product_tag","embeddable":true,"href":"https:\/\/pop-co.fr\/index.php\/wp-json\/wp\/v2\/product_tag?post=209949"}],"curies":[{"name":"wp","href":"https:\/\/api.w.org\/{rel}","templated":true}]}}