{"id":209957,"date":"2024-11-19T17:49:07","date_gmt":"2024-11-19T16:49:07","guid":{"rendered":"https:\/\/pop-co.fr\/index.php\/product\/mug-termoreactif-dungeons-dragon-2\/"},"modified":"2025-06-28T12:04:27","modified_gmt":"2025-06-28T10:04:27","slug":"mug-termoreactif-dungeons-dragon-2","status":"publish","type":"product","link":"https:\/\/pop-co.fr\/index.php\/product\/mug-termoreactif-dungeons-dragon-2\/","title":{"rendered":"MUG TERMOREACTIF &#8211; DONJON ET DRAGON &#8211; Roll for perfection"},"content":{"rendered":"<p>Lancez un test de perception et voyez si vous pouvez rep\u00e9rer ces petits d\u00e9tails dans Donjons et Dragons avec ce mug par ABYstyle. <\/p>\n<p>Tous les matins, vous verrez d\u00e9sormais votre mug changer d&rsquo;apparence lorsque vous ferez couler votre chocolat chaud, votre th\u00e9 ou votre caf\u00e9&#8230; ! <\/p>\n<p>D\u00e9couvrez notre d\u00e9monstration du mug thermo-r\u00e9actif Harry Potter en vid\u00e9o ! <\/p>\n<p>Caract\u00e9ristiques :<br \/>\n&#8211; Change d&rsquo;aspect lorsque vous versez un liquide chaud.<br \/>\n&#8211; Grande contenance (460 ml).<br \/>\n&#8211; Ne passe pas au micro-ondes ou au lave-vaisselle<br \/>\n&#8211; Mati\u00e8re c\u00e9ramique.<\/p>\n","protected":false},"excerpt":{"rendered":"<p>Lancez un test de perception et voyez si vous pouvez rep\u00e9rer ces petits d\u00e9tails dans Donjons et Dragons avec ce mug par ABYstyle. Tous les matins, vous verrez d\u00e9sormais votre mug changer d&rsquo;apparence lorsque vous ferez couler votre chocolat chaud, votre th\u00e9 ou votre caf\u00e9&#8230; ! D\u00e9couvrez notre d\u00e9monstration du mug thermo-r\u00e9actif Harry Potter en [&hellip;]<\/p>\n","protected":false},"featured_media":257976,"comment_status":"open","ping_status":"closed","template":"","meta":[],"product_cat":[39],"product_tag":[],"aioseo_notices":[],"jetpack_sharing_enabled":true,"_links":{"self":[{"href":"https:\/\/pop-co.fr\/index.php\/wp-json\/wp\/v2\/product\/209957"}],"collection":[{"href":"https:\/\/pop-co.fr\/index.php\/wp-json\/wp\/v2\/product"}],"about":[{"href":"https:\/\/pop-co.fr\/index.php\/wp-json\/wp\/v2\/types\/product"}],"replies":[{"embeddable":true,"href":"https:\/\/pop-co.fr\/index.php\/wp-json\/wp\/v2\/comments?post=209957"}],"version-history":[{"count":0,"href":"https:\/\/pop-co.fr\/index.php\/wp-json\/wp\/v2\/product\/209957\/revisions"}],"wp:featuredmedia":[{"embeddable":true,"href":"https:\/\/pop-co.fr\/index.php\/wp-json\/wp\/v2\/media\/257976"}],"wp:attachment":[{"href":"https:\/\/pop-co.fr\/index.php\/wp-json\/wp\/v2\/media?parent=209957"}],"wp:term":[{"taxonomy":"product_cat","embeddable":true,"href":"https:\/\/pop-co.fr\/index.php\/wp-json\/wp\/v2\/product_cat?post=209957"},{"taxonomy":"product_tag","embeddable":true,"href":"https:\/\/pop-co.fr\/index.php\/wp-json\/wp\/v2\/product_tag?post=209957"}],"curies":[{"name":"wp","href":"https:\/\/api.w.org\/{rel}","templated":true}]}}