{"id":209987,"date":"2024-11-19T17:49:39","date_gmt":"2024-11-19T16:49:39","guid":{"rendered":"https:\/\/pop-co.fr\/index.php\/product\/hatsune-miku-mug-320-ml-cyberpunk-2\/"},"modified":"2025-06-28T12:04:20","modified_gmt":"2025-06-28T10:04:20","slug":"hatsune-miku-mug-320-ml-cyberpunk-2","status":"publish","type":"product","link":"https:\/\/pop-co.fr\/index.php\/product\/hatsune-miku-mug-320-ml-cyberpunk-2\/","title":{"rendered":"MUG &#8211; HATSUNE MIKU &#8211; Cyberpunk"},"content":{"rendered":"<p>Hatsune Miku vous donnera la s\u00e9r\u00e9nade pendant votre pause-caf\u00e9 avec ce mug par ABYstyle ! <\/p>\n<p>&#8211; Contenance standard (320 ml)<br \/>\n&#8211; Packaging : bo\u00eete cartonn\u00e9e permettant de prot\u00e9ger le mug tout en assurant une visibilit\u00e9 \u00e0 360\u00b0.<br \/>\n&#8211; Convient aux micro-ondes et lave-vaisselle.<\/p>\n","protected":false},"excerpt":{"rendered":"<p>Hatsune Miku vous donnera la s\u00e9r\u00e9nade pendant votre pause-caf\u00e9 avec ce mug par ABYstyle ! &#8211; Contenance standard (320 ml) &#8211; Packaging : bo\u00eete cartonn\u00e9e permettant de prot\u00e9ger le mug tout en assurant une visibilit\u00e9 \u00e0 360\u00b0. &#8211; Convient aux micro-ondes et lave-vaisselle.<\/p>\n","protected":false},"featured_media":284976,"comment_status":"open","ping_status":"closed","template":"","meta":[],"product_cat":[18,17],"product_tag":[],"aioseo_notices":[],"jetpack_sharing_enabled":true,"_links":{"self":[{"href":"https:\/\/pop-co.fr\/index.php\/wp-json\/wp\/v2\/product\/209987"}],"collection":[{"href":"https:\/\/pop-co.fr\/index.php\/wp-json\/wp\/v2\/product"}],"about":[{"href":"https:\/\/pop-co.fr\/index.php\/wp-json\/wp\/v2\/types\/product"}],"replies":[{"embeddable":true,"href":"https:\/\/pop-co.fr\/index.php\/wp-json\/wp\/v2\/comments?post=209987"}],"version-history":[{"count":0,"href":"https:\/\/pop-co.fr\/index.php\/wp-json\/wp\/v2\/product\/209987\/revisions"}],"wp:featuredmedia":[{"embeddable":true,"href":"https:\/\/pop-co.fr\/index.php\/wp-json\/wp\/v2\/media\/284976"}],"wp:attachment":[{"href":"https:\/\/pop-co.fr\/index.php\/wp-json\/wp\/v2\/media?parent=209987"}],"wp:term":[{"taxonomy":"product_cat","embeddable":true,"href":"https:\/\/pop-co.fr\/index.php\/wp-json\/wp\/v2\/product_cat?post=209987"},{"taxonomy":"product_tag","embeddable":true,"href":"https:\/\/pop-co.fr\/index.php\/wp-json\/wp\/v2\/product_tag?post=209987"}],"curies":[{"name":"wp","href":"https:\/\/api.w.org\/{rel}","templated":true}]}}