{"id":209998,"date":"2024-11-19T17:49:47","date_gmt":"2024-11-19T16:49:47","guid":{"rendered":"https:\/\/pop-co.fr\/index.php\/product\/verres-x2-naruto-insigne-konoha-et-akatsuki\/"},"modified":"2025-06-28T12:04:03","modified_gmt":"2025-06-28T10:04:03","slug":"verres-x2-naruto-insigne-konoha-et-akatsuki","status":"publish","type":"product","link":"https:\/\/pop-co.fr\/index.php\/product\/verres-x2-naruto-insigne-konoha-et-akatsuki\/","title":{"rendered":"VERRES X2 &#8211; NARUTO  &#8211; Insigne Konoha et Akatsuki"},"content":{"rendered":"<p>Retrouvez les symboles du village de Konoha et de l&rsquo;Akatsuki sur ce set de 2 verres Naruto Shippuden par ABYstyle. <\/p>\n<p>&#8211; Mati\u00e8re : verre haute qualit\u00e9.<br \/>\n&#8211; Contenance : (30 cl)<br \/>\n&#8211; Tenue d&rsquo;impression exeptionelle : r\u00e9siste \u00e0 plus de 700 cycles au lave-vaisselle<br \/>\n&#8211; Packaging : bo\u00eete cartonn\u00e9e ouverte \u00e0 la licence<\/p>\n","protected":false},"excerpt":{"rendered":"<p>Retrouvez les symboles du village de Konoha et de l&rsquo;Akatsuki sur ce set de 2 verres Naruto Shippuden par ABYstyle. &#8211; Mati\u00e8re : verre haute qualit\u00e9. &#8211; Contenance : (30 cl) &#8211; Tenue d&rsquo;impression exeptionelle : r\u00e9siste \u00e0 plus de 700 cycles au lave-vaisselle &#8211; Packaging : bo\u00eete cartonn\u00e9e ouverte \u00e0 la licence<\/p>\n","protected":false},"featured_media":313812,"comment_status":"open","ping_status":"closed","template":"","meta":[],"product_cat":[17,21],"product_tag":[],"aioseo_notices":[],"jetpack_sharing_enabled":true,"_links":{"self":[{"href":"https:\/\/pop-co.fr\/index.php\/wp-json\/wp\/v2\/product\/209998"}],"collection":[{"href":"https:\/\/pop-co.fr\/index.php\/wp-json\/wp\/v2\/product"}],"about":[{"href":"https:\/\/pop-co.fr\/index.php\/wp-json\/wp\/v2\/types\/product"}],"replies":[{"embeddable":true,"href":"https:\/\/pop-co.fr\/index.php\/wp-json\/wp\/v2\/comments?post=209998"}],"version-history":[{"count":0,"href":"https:\/\/pop-co.fr\/index.php\/wp-json\/wp\/v2\/product\/209998\/revisions"}],"wp:featuredmedia":[{"embeddable":true,"href":"https:\/\/pop-co.fr\/index.php\/wp-json\/wp\/v2\/media\/313812"}],"wp:attachment":[{"href":"https:\/\/pop-co.fr\/index.php\/wp-json\/wp\/v2\/media?parent=209998"}],"wp:term":[{"taxonomy":"product_cat","embeddable":true,"href":"https:\/\/pop-co.fr\/index.php\/wp-json\/wp\/v2\/product_cat?post=209998"},{"taxonomy":"product_tag","embeddable":true,"href":"https:\/\/pop-co.fr\/index.php\/wp-json\/wp\/v2\/product_tag?post=209998"}],"curies":[{"name":"wp","href":"https:\/\/api.w.org\/{rel}","templated":true}]}}