{"id":211634,"date":"2024-11-21T13:59:43","date_gmt":"2024-11-21T12:59:43","guid":{"rendered":"https:\/\/pop-co.fr\/index.php\/product\/origami-ghibli-kiki-la-petite-sorciere-3\/"},"modified":"2025-06-28T12:03:38","modified_gmt":"2025-06-28T10:03:38","slug":"origami-ghibli-kiki-la-petite-sorciere-3","status":"publish","type":"product","link":"https:\/\/pop-co.fr\/index.php\/product\/origami-ghibli-kiki-la-petite-sorciere-3\/","title":{"rendered":"ORIGAMI &#8211; GHIBLI &#8211; Kiki la petite sorci\u00e8re"},"content":{"rendered":"<p>Explorez l&rsquo;univers enchanteur de \u00ab\u00a0Kiki la Petite Sorci\u00e8re\u00a0\u00bb avec ce charmant set d&rsquo;origami de 15x15cm.<\/p>\n<p>Que vous soyez un fan inconditionnel de \u00ab\u00a0Kiki la Petite Sorci\u00e8re\u00a0\u00bb ou simplement un amateur d&rsquo;artisanat, ce set d&rsquo;origami est un choix parfait pour ajouter une touche de magie \u00e0 vos cr\u00e9ations. Procurez-vous d\u00e8s maintenant ce set d&rsquo;origami et laissez-vous transporter dans le monde enchanteur de \u00ab\u00a0Kiki la Petite Sorci\u00e8re\u00a0\u00bb !<\/p>\n","protected":false},"excerpt":{"rendered":"<p>Explorez l&rsquo;univers enchanteur de \u00ab\u00a0Kiki la Petite Sorci\u00e8re\u00a0\u00bb avec ce charmant set d&rsquo;origami de 15x15cm. Que vous soyez un fan inconditionnel de \u00ab\u00a0Kiki la Petite Sorci\u00e8re\u00a0\u00bb ou simplement un amateur d&rsquo;artisanat, ce set d&rsquo;origami est un choix parfait pour ajouter une touche de magie \u00e0 vos cr\u00e9ations. Procurez-vous d\u00e8s maintenant ce set d&rsquo;origami et laissez-vous [&hellip;]<\/p>\n","protected":false},"featured_media":279218,"comment_status":"open","ping_status":"closed","template":"","meta":[],"product_cat":[17,19],"product_tag":[],"aioseo_notices":[],"jetpack_sharing_enabled":true,"_links":{"self":[{"href":"https:\/\/pop-co.fr\/index.php\/wp-json\/wp\/v2\/product\/211634"}],"collection":[{"href":"https:\/\/pop-co.fr\/index.php\/wp-json\/wp\/v2\/product"}],"about":[{"href":"https:\/\/pop-co.fr\/index.php\/wp-json\/wp\/v2\/types\/product"}],"replies":[{"embeddable":true,"href":"https:\/\/pop-co.fr\/index.php\/wp-json\/wp\/v2\/comments?post=211634"}],"version-history":[{"count":0,"href":"https:\/\/pop-co.fr\/index.php\/wp-json\/wp\/v2\/product\/211634\/revisions"}],"wp:featuredmedia":[{"embeddable":true,"href":"https:\/\/pop-co.fr\/index.php\/wp-json\/wp\/v2\/media\/279218"}],"wp:attachment":[{"href":"https:\/\/pop-co.fr\/index.php\/wp-json\/wp\/v2\/media?parent=211634"}],"wp:term":[{"taxonomy":"product_cat","embeddable":true,"href":"https:\/\/pop-co.fr\/index.php\/wp-json\/wp\/v2\/product_cat?post=211634"},{"taxonomy":"product_tag","embeddable":true,"href":"https:\/\/pop-co.fr\/index.php\/wp-json\/wp\/v2\/product_tag?post=211634"}],"curies":[{"name":"wp","href":"https:\/\/api.w.org\/{rel}","templated":true}]}}