{"id":211702,"date":"2024-11-21T14:00:36","date_gmt":"2024-11-21T13:00:36","guid":{"rendered":"https:\/\/pop-co.fr\/index.php\/product\/disney-stitch-racing-figurine-146cm-4\/"},"modified":"2025-06-28T12:03:34","modified_gmt":"2025-06-28T10:03:34","slug":"disney-stitch-racing-figurine-146cm-4","status":"publish","type":"product","link":"https:\/\/pop-co.fr\/index.php\/product\/disney-stitch-racing-figurine-146cm-4\/","title":{"rendered":"DISNEY &#8211; Stitch racing &#8211; Figurine 14,6cm"},"content":{"rendered":"<p>L&rsquo;exp\u00e9rience extraterrestre 626, Stitch lui-m\u00eame, est de retour pour un voyage de vacances amusant !<\/p>\n<p>Rejoignez l&rsquo;extraterrestre intergalactique de Disney alors qu&rsquo;il se pr\u00e9pare \u00e0 une course avec ses amis. La D-Stage 108, Sticth Racing Car est un nouveau mod\u00e8le de bureau de la marque \u00ab\u00a0Entertainment Experience Brand\u00a0\u00bb de Beast Kingdom, qui met en sc\u00e8ne le soleil d&rsquo;Hawa\u00ef et un style de course tr\u00e8s s\u00e9rieux !<br \/>\nFigurine d\u00e9taill\u00e9e, Stitch est vu au volant de sa voiture de course futuriste au milieu d&rsquo;une for\u00eat luxuriante et portant le drapeau de la victoire. Un design et une peinture d\u00e9taill\u00e9s donnent vie \u00e0 cette figurine amusante, en plus d&rsquo;une base de marque qui met en valeur le c\u00e9l\u00e8bre titre anim\u00e9 !<br \/>\nPour les fans de l&rsquo;extraterrestre le plus mignon de Disney, c&rsquo;est un ensemble de course \u00e0 ajouter \u00e0 votre collection d\u00e8s aujourd&rsquo;hui !<\/p>\n","protected":false},"excerpt":{"rendered":"<p>L&rsquo;exp\u00e9rience extraterrestre 626, Stitch lui-m\u00eame, est de retour pour un voyage de vacances amusant ! Rejoignez l&rsquo;extraterrestre intergalactique de Disney alors qu&rsquo;il se pr\u00e9pare \u00e0 une course avec ses amis. La D-Stage 108, Sticth Racing Car est un nouveau mod\u00e8le de bureau de la marque \u00ab\u00a0Entertainment Experience Brand\u00a0\u00bb de Beast Kingdom, qui met en sc\u00e8ne [&hellip;]<\/p>\n","protected":false},"featured_media":338047,"comment_status":"open","ping_status":"closed","template":"","meta":[],"product_cat":[30],"product_tag":[],"aioseo_notices":[],"jetpack_sharing_enabled":true,"_links":{"self":[{"href":"https:\/\/pop-co.fr\/index.php\/wp-json\/wp\/v2\/product\/211702"}],"collection":[{"href":"https:\/\/pop-co.fr\/index.php\/wp-json\/wp\/v2\/product"}],"about":[{"href":"https:\/\/pop-co.fr\/index.php\/wp-json\/wp\/v2\/types\/product"}],"replies":[{"embeddable":true,"href":"https:\/\/pop-co.fr\/index.php\/wp-json\/wp\/v2\/comments?post=211702"}],"version-history":[{"count":0,"href":"https:\/\/pop-co.fr\/index.php\/wp-json\/wp\/v2\/product\/211702\/revisions"}],"wp:featuredmedia":[{"embeddable":true,"href":"https:\/\/pop-co.fr\/index.php\/wp-json\/wp\/v2\/media\/338047"}],"wp:attachment":[{"href":"https:\/\/pop-co.fr\/index.php\/wp-json\/wp\/v2\/media?parent=211702"}],"wp:term":[{"taxonomy":"product_cat","embeddable":true,"href":"https:\/\/pop-co.fr\/index.php\/wp-json\/wp\/v2\/product_cat?post=211702"},{"taxonomy":"product_tag","embeddable":true,"href":"https:\/\/pop-co.fr\/index.php\/wp-json\/wp\/v2\/product_tag?post=211702"}],"curies":[{"name":"wp","href":"https:\/\/api.w.org\/{rel}","templated":true}]}}