{"id":2118,"date":"2024-02-20T17:55:29","date_gmt":"2024-02-20T16:55:29","guid":{"rendered":"https:\/\/pop-co.fr\/index.php\/product\/naruto-personnages-figurine-wcf\/"},"modified":"2025-07-29T11:20:38","modified_gmt":"2025-07-29T09:20:38","slug":"naruto-personnages-figurine-wcf","status":"publish","type":"product","link":"https:\/\/pop-co.fr\/index.php\/product\/naruto-personnages-figurine-wcf\/","title":{"rendered":"NARUTO &#8211; Personnages &#8211; Figurine WCF"},"content":{"rendered":"<p>*ATTENTION PRODUIT AL\u00c9ATOIRE NE POUVANT \u00caTRE RETOURN\u00c9*<br \/>\nx1 Figurine PVC 7cm<\/p>\n","protected":false},"excerpt":{"rendered":"<p>*ATTENTION PRODUIT AL\u00c9ATOIRE NE POUVANT \u00caTRE RETOURN\u00c9* x1 Figurine PVC 7cm<\/p>\n","protected":false},"featured_media":356292,"comment_status":"open","ping_status":"closed","template":"","meta":[],"product_cat":[17,21],"product_tag":[],"aioseo_notices":[],"jetpack_sharing_enabled":true,"_links":{"self":[{"href":"https:\/\/pop-co.fr\/index.php\/wp-json\/wp\/v2\/product\/2118"}],"collection":[{"href":"https:\/\/pop-co.fr\/index.php\/wp-json\/wp\/v2\/product"}],"about":[{"href":"https:\/\/pop-co.fr\/index.php\/wp-json\/wp\/v2\/types\/product"}],"replies":[{"embeddable":true,"href":"https:\/\/pop-co.fr\/index.php\/wp-json\/wp\/v2\/comments?post=2118"}],"version-history":[{"count":0,"href":"https:\/\/pop-co.fr\/index.php\/wp-json\/wp\/v2\/product\/2118\/revisions"}],"wp:featuredmedia":[{"embeddable":true,"href":"https:\/\/pop-co.fr\/index.php\/wp-json\/wp\/v2\/media\/356292"}],"wp:attachment":[{"href":"https:\/\/pop-co.fr\/index.php\/wp-json\/wp\/v2\/media?parent=2118"}],"wp:term":[{"taxonomy":"product_cat","embeddable":true,"href":"https:\/\/pop-co.fr\/index.php\/wp-json\/wp\/v2\/product_cat?post=2118"},{"taxonomy":"product_tag","embeddable":true,"href":"https:\/\/pop-co.fr\/index.php\/wp-json\/wp\/v2\/product_tag?post=2118"}],"curies":[{"name":"wp","href":"https:\/\/api.w.org\/{rel}","templated":true}]}}