{"id":2165,"date":"2024-02-20T17:56:19","date_gmt":"2024-02-20T16:56:19","guid":{"rendered":"https:\/\/pop-co.fr\/index.php\/product\/demon-slayer-kotetsu-vers-b-figurine-13cm\/"},"modified":"2025-07-29T11:20:25","modified_gmt":"2025-07-29T09:20:25","slug":"demon-slayer-kotetsu-vers-b-figurine-13cm","status":"publish","type":"product","link":"https:\/\/pop-co.fr\/index.php\/product\/demon-slayer-kotetsu-vers-b-figurine-13cm\/","title":{"rendered":"DEMON SLAYER &#8211; Kotetsu (vers. B) &#8211; Figurine 13cm"},"content":{"rendered":"<p>Figurine 13cm<br \/>\nComposition : PVC<\/p>\n<p>La figurine de Kotetsu de \u00ab\u00a0Demon Slayer\u00a0\u00bb (Kimetsu no Yaiba), mesurant environ 13 cm, est une repr\u00e9sentation d&rsquo;un des personnages de la s\u00e9rie populaire. Kotetsu est un personnage secondaire de \u00ab\u00a0Demon Slayer\u00a0\u00bb et fait partie du village des forgerons.<\/p>\n<p>Les figurines de \u00ab\u00a0Demon Slayer\u00a0\u00bb sont tr\u00e8s pris\u00e9es par les fans de la s\u00e9rie pour leur qualit\u00e9 de fabrication et leur attention aux d\u00e9tails, capturant fid\u00e8lement l&rsquo;apparence et le style des personnages. Kotetsu est g\u00e9n\u00e9ralement repr\u00e9sent\u00e9 avec sa tenue distinctive, son arme et son attitude d\u00e9termin\u00e9e.<\/p>\n<p>Les figurines de personnages de \u00ab\u00a0Demon Slayer\u00a0\u00bb sont souvent expos\u00e9es dans des collections de fans pour c\u00e9l\u00e9brer l&rsquo;univers de la s\u00e9rie et pour rendre hommage \u00e0 leurs personnages pr\u00e9f\u00e9r\u00e9s. Elles sont \u00e9galement recherch\u00e9es pour leur ressemblance avec les personnages originaux.<\/p>\n<p>Si vous \u00eates un amateur de \u00ab\u00a0Demon Slayer\u00a0\u00bb et que vous appr\u00e9ciez le personnage de Kotetsu, cette figurine de 13 cm pourrait constituer un excellent ajout \u00e0 votre collection, repr\u00e9sentant de mani\u00e8re fid\u00e8le ce membre de l&rsquo;unit\u00e9 des pourfendeurs de d\u00e9mons de la s\u00e9rie.<\/p>\n","protected":false},"excerpt":{"rendered":"<p>Figurine 13cm Composition : PVC La figurine de Kotetsu de \u00ab\u00a0Demon Slayer\u00a0\u00bb (Kimetsu no Yaiba), mesurant environ 13 cm, est une repr\u00e9sentation d&rsquo;un des personnages de la s\u00e9rie populaire. Kotetsu est un personnage secondaire de \u00ab\u00a0Demon Slayer\u00a0\u00bb et fait partie du village des forgerons. Les figurines de \u00ab\u00a0Demon Slayer\u00a0\u00bb sont tr\u00e8s pris\u00e9es par les fans [&hellip;]<\/p>\n","protected":false},"featured_media":356291,"comment_status":"open","ping_status":"closed","template":"","meta":[],"product_cat":[17,24],"product_tag":[],"aioseo_notices":[],"jetpack_sharing_enabled":true,"_links":{"self":[{"href":"https:\/\/pop-co.fr\/index.php\/wp-json\/wp\/v2\/product\/2165"}],"collection":[{"href":"https:\/\/pop-co.fr\/index.php\/wp-json\/wp\/v2\/product"}],"about":[{"href":"https:\/\/pop-co.fr\/index.php\/wp-json\/wp\/v2\/types\/product"}],"replies":[{"embeddable":true,"href":"https:\/\/pop-co.fr\/index.php\/wp-json\/wp\/v2\/comments?post=2165"}],"version-history":[{"count":0,"href":"https:\/\/pop-co.fr\/index.php\/wp-json\/wp\/v2\/product\/2165\/revisions"}],"wp:featuredmedia":[{"embeddable":true,"href":"https:\/\/pop-co.fr\/index.php\/wp-json\/wp\/v2\/media\/356291"}],"wp:attachment":[{"href":"https:\/\/pop-co.fr\/index.php\/wp-json\/wp\/v2\/media?parent=2165"}],"wp:term":[{"taxonomy":"product_cat","embeddable":true,"href":"https:\/\/pop-co.fr\/index.php\/wp-json\/wp\/v2\/product_cat?post=2165"},{"taxonomy":"product_tag","embeddable":true,"href":"https:\/\/pop-co.fr\/index.php\/wp-json\/wp\/v2\/product_tag?post=2165"}],"curies":[{"name":"wp","href":"https:\/\/api.w.org\/{rel}","templated":true}]}}