{"id":21863,"date":"2024-02-21T01:25:01","date_gmt":"2024-02-21T00:25:01","guid":{"rendered":"https:\/\/pop-co.fr\/index.php\/product\/masque-led-star-wars-stormtrooper-bleu\/"},"modified":"2025-07-29T10:11:07","modified_gmt":"2025-07-29T08:11:07","slug":"masque-led-star-wars-stormtrooper-bleu","status":"publish","type":"product","link":"https:\/\/pop-co.fr\/index.php\/product\/masque-led-star-wars-stormtrooper-bleu\/","title":{"rendered":"MASQUE LED &#8211; STAR WARS &#8211; Stormtrooper (bleu)"},"content":{"rendered":"<p>Masque n\u00e9on La Purge Nightmare<\/p>\n<p>\u00c2mes sensibles s&rsquo;abstenir !<\/p>\n<p>En compl\u00e9ment de votre d\u00e9guisement d&rsquo;Halloween, ce masque n\u00e9on avec les yeux et la bouche cousues fera sensation ! De quoi donner des sueurs froides \u00e0 tous vos amis et leur rappeler les souvenirs des films d&rsquo;horreur. Une fois allum\u00e9, les n\u00e9ons soulignent les d\u00e9tails les plus sordides&#8230;<\/p>\n<p>Le petit boitier pr\u00e9sent permet d&rsquo;activer les 3 modes d&rsquo;\u00e9clairage des n\u00e9ons : allumage fixe, clignotement rapide et clignotement lent.<\/p>\n<p>Mati\u00e8re : plastique.<\/p>\n<p>Fonctionne avec 2 piles L06 AA qui ne sont pas fournies.<\/p>\n","protected":false},"excerpt":{"rendered":"<p>Masque n\u00e9on La Purge Nightmare \u00c2mes sensibles s&rsquo;abstenir ! En compl\u00e9ment de votre d\u00e9guisement d&rsquo;Halloween, ce masque n\u00e9on avec les yeux et la bouche cousues fera sensation ! De quoi donner des sueurs froides \u00e0 tous vos amis et leur rappeler les souvenirs des films d&rsquo;horreur. Une fois allum\u00e9, les n\u00e9ons soulignent les d\u00e9tails les [&hellip;]<\/p>\n","protected":false},"featured_media":355355,"comment_status":"open","ping_status":"closed","template":"","meta":[],"product_cat":[43],"product_tag":[],"aioseo_notices":[],"jetpack_sharing_enabled":true,"_links":{"self":[{"href":"https:\/\/pop-co.fr\/index.php\/wp-json\/wp\/v2\/product\/21863"}],"collection":[{"href":"https:\/\/pop-co.fr\/index.php\/wp-json\/wp\/v2\/product"}],"about":[{"href":"https:\/\/pop-co.fr\/index.php\/wp-json\/wp\/v2\/types\/product"}],"replies":[{"embeddable":true,"href":"https:\/\/pop-co.fr\/index.php\/wp-json\/wp\/v2\/comments?post=21863"}],"version-history":[{"count":0,"href":"https:\/\/pop-co.fr\/index.php\/wp-json\/wp\/v2\/product\/21863\/revisions"}],"wp:featuredmedia":[{"embeddable":true,"href":"https:\/\/pop-co.fr\/index.php\/wp-json\/wp\/v2\/media\/355355"}],"wp:attachment":[{"href":"https:\/\/pop-co.fr\/index.php\/wp-json\/wp\/v2\/media?parent=21863"}],"wp:term":[{"taxonomy":"product_cat","embeddable":true,"href":"https:\/\/pop-co.fr\/index.php\/wp-json\/wp\/v2\/product_cat?post=21863"},{"taxonomy":"product_tag","embeddable":true,"href":"https:\/\/pop-co.fr\/index.php\/wp-json\/wp\/v2\/product_tag?post=21863"}],"curies":[{"name":"wp","href":"https:\/\/api.w.org\/{rel}","templated":true}]}}