{"id":218875,"date":"2024-12-02T16:49:22","date_gmt":"2024-12-02T15:49:22","guid":{"rendered":"https:\/\/pop-co.fr\/index.php\/product\/boules-de-noel-x7-disney-mickey-mouse-et-minnie-mouse\/"},"modified":"2025-06-28T12:05:48","modified_gmt":"2025-06-28T10:05:48","slug":"boules-de-noel-x7-disney-mickey-mouse-et-minnie-mouse","status":"publish","type":"product","link":"https:\/\/pop-co.fr\/index.php\/product\/boules-de-noel-x7-disney-mickey-mouse-et-minnie-mouse\/","title":{"rendered":"BOULES DE NOEL X7 &#8211; DISNEY &#8211; Mickey Mouse et Minnie Mouse"},"content":{"rendered":"<p>Apportez un peu de magie Disney \u00e0 votre arbre de No\u00ebl avec ce luxueux coffret de 6 boules \u00e0 l&rsquo;effigie de Mickey et Minnie Mouse. Elles sont issues de la collection Disney Christmas.<\/p>\n<p>Accompagn\u00e9es d&rsquo;une bo\u00eete cadeau de collection, ces boules incassables rouges et vertes de 7 cm sont parfaites pour tous les fans des personnages les plus embl\u00e9matiques de Walt Disney. Elles repr\u00e9sentent Mickey et Minnie dans diverses tenues et sc\u00e9narios de No\u00ebl, s&#8217;embrassant sous le gui ou \u00e9changeant des cadeaux.<\/p>\n<p>Compl\u00e9t\u00e9es par des rubans suspendus \u00e0 paillettes dor\u00e9es et argent\u00e9es, ces boules constituent un souvenir de No\u00ebl intemporel et \u00e0 collectionner.<\/p>\n","protected":false},"excerpt":{"rendered":"<p>Apportez un peu de magie Disney \u00e0 votre arbre de No\u00ebl avec ce luxueux coffret de 6 boules \u00e0 l&rsquo;effigie de Mickey et Minnie Mouse. Elles sont issues de la collection Disney Christmas. Accompagn\u00e9es d&rsquo;une bo\u00eete cadeau de collection, ces boules incassables rouges et vertes de 7 cm sont parfaites pour tous les fans des [&hellip;]<\/p>\n","protected":false},"featured_media":337010,"comment_status":"open","ping_status":"closed","template":"","meta":[],"product_cat":[29],"product_tag":[],"aioseo_notices":[],"jetpack_sharing_enabled":true,"_links":{"self":[{"href":"https:\/\/pop-co.fr\/index.php\/wp-json\/wp\/v2\/product\/218875"}],"collection":[{"href":"https:\/\/pop-co.fr\/index.php\/wp-json\/wp\/v2\/product"}],"about":[{"href":"https:\/\/pop-co.fr\/index.php\/wp-json\/wp\/v2\/types\/product"}],"replies":[{"embeddable":true,"href":"https:\/\/pop-co.fr\/index.php\/wp-json\/wp\/v2\/comments?post=218875"}],"version-history":[{"count":0,"href":"https:\/\/pop-co.fr\/index.php\/wp-json\/wp\/v2\/product\/218875\/revisions"}],"wp:featuredmedia":[{"embeddable":true,"href":"https:\/\/pop-co.fr\/index.php\/wp-json\/wp\/v2\/media\/337010"}],"wp:attachment":[{"href":"https:\/\/pop-co.fr\/index.php\/wp-json\/wp\/v2\/media?parent=218875"}],"wp:term":[{"taxonomy":"product_cat","embeddable":true,"href":"https:\/\/pop-co.fr\/index.php\/wp-json\/wp\/v2\/product_cat?post=218875"},{"taxonomy":"product_tag","embeddable":true,"href":"https:\/\/pop-co.fr\/index.php\/wp-json\/wp\/v2\/product_tag?post=218875"}],"curies":[{"name":"wp","href":"https:\/\/api.w.org\/{rel}","templated":true}]}}