{"id":218911,"date":"2024-12-02T17:03:42","date_gmt":"2024-12-02T16:03:42","guid":{"rendered":"https:\/\/pop-co.fr\/index.php\/product\/calendrier-de-lavent-disney-coffret-beaute-princesses\/"},"modified":"2025-07-15T14:25:59","modified_gmt":"2025-07-15T12:25:59","slug":"calendrier-de-lavent-disney-coffret-beaute-princesses","status":"publish","type":"product","link":"https:\/\/pop-co.fr\/index.php\/product\/calendrier-de-lavent-disney-coffret-beaute-princesses\/","title":{"rendered":"CALENDRIER DE L&rsquo;AVENT &#8211; DISNEY &#8211; Coffret bain 12 jours"},"content":{"rendered":"<p>Commencez votre style de princesse de No\u00ebl avec le Disney Princess 12 Days of Bath &amp; Body Advent. Aucune f\u00e9e marraine n&rsquo;est n\u00e9cessaire pour vous transformer en une princesse choy\u00e9e que vous m\u00e9ritez d&rsquo;\u00eatre, derri\u00e8re chacune des 12 portes se trouve un bain ou un corps Disney \u00e0 traiter pour vous aider \u00e0 vous pr\u00e9parer pour la saison des f\u00eates. Le tout emball\u00e9 dans une jolie bo\u00eete contenant la princesse Jasmine, Aurora, Belle, Ariel, Cendrillon et Blanche-Neige (notre dernier ajout \u00e0 la gamme), qui est votre pr\u00e9f\u00e9r\u00e9? Nous pouvons assurer un compte \u00e0 rebours de conte de f\u00e9es jusqu&rsquo;\u00e0 No\u00ebl avec cet Avent de princesse Disney<\/p>\n","protected":false},"excerpt":{"rendered":"<p>Commencez votre style de princesse de No\u00ebl avec le Disney Princess 12 Days of Bath &amp; Body Advent. Aucune f\u00e9e marraine n&rsquo;est n\u00e9cessaire pour vous transformer en une princesse choy\u00e9e que vous m\u00e9ritez d&rsquo;\u00eatre, derri\u00e8re chacune des 12 portes se trouve un bain ou un corps Disney \u00e0 traiter pour vous aider \u00e0 vous pr\u00e9parer [&hellip;]<\/p>\n","protected":false},"featured_media":354480,"comment_status":"open","ping_status":"closed","template":"","meta":[],"product_cat":[29],"product_tag":[],"aioseo_notices":[],"jetpack_sharing_enabled":true,"_links":{"self":[{"href":"https:\/\/pop-co.fr\/index.php\/wp-json\/wp\/v2\/product\/218911"}],"collection":[{"href":"https:\/\/pop-co.fr\/index.php\/wp-json\/wp\/v2\/product"}],"about":[{"href":"https:\/\/pop-co.fr\/index.php\/wp-json\/wp\/v2\/types\/product"}],"replies":[{"embeddable":true,"href":"https:\/\/pop-co.fr\/index.php\/wp-json\/wp\/v2\/comments?post=218911"}],"version-history":[{"count":1,"href":"https:\/\/pop-co.fr\/index.php\/wp-json\/wp\/v2\/product\/218911\/revisions"}],"predecessor-version":[{"id":354481,"href":"https:\/\/pop-co.fr\/index.php\/wp-json\/wp\/v2\/product\/218911\/revisions\/354481"}],"wp:featuredmedia":[{"embeddable":true,"href":"https:\/\/pop-co.fr\/index.php\/wp-json\/wp\/v2\/media\/354480"}],"wp:attachment":[{"href":"https:\/\/pop-co.fr\/index.php\/wp-json\/wp\/v2\/media?parent=218911"}],"wp:term":[{"taxonomy":"product_cat","embeddable":true,"href":"https:\/\/pop-co.fr\/index.php\/wp-json\/wp\/v2\/product_cat?post=218911"},{"taxonomy":"product_tag","embeddable":true,"href":"https:\/\/pop-co.fr\/index.php\/wp-json\/wp\/v2\/product_tag?post=218911"}],"curies":[{"name":"wp","href":"https:\/\/api.w.org\/{rel}","templated":true}]}}