{"id":222809,"date":"2024-12-06T13:29:05","date_gmt":"2024-12-06T12:29:05","guid":{"rendered":"https:\/\/pop-co.fr\/index.php\/product\/jelly-beans-mario-distributeur-avec-tampon-8g-2\/"},"modified":"2025-09-10T14:49:59","modified_gmt":"2025-09-10T12:49:59","slug":"jelly-beans-mario-distributeur-avec-tampon-8g-2","status":"publish","type":"product","link":"https:\/\/pop-co.fr\/index.php\/product\/jelly-beans-mario-distributeur-avec-tampon-8g-2\/","title":{"rendered":"JELLY BEANS &#8211; MARIO &#8211; Distributeur avec tampon 8g"},"content":{"rendered":"<p>Ingr\u00e9dients : amidon de ma\u00efs, sucre, glucose, sirop de glucose, acidifiant E296, ar\u00f4me : fraise, colorants E162, E160a, E141, agent d&rsquo;enrobage E903.<\/p>\n<p>Ne convient pas aux enfants de moins de 3 ans.<\/p>\n","protected":false},"excerpt":{"rendered":"<p>Ingr\u00e9dients : amidon de ma\u00efs, sucre, glucose, sirop de glucose, acidifiant E296, ar\u00f4me : fraise, colorants E162, E160a, E141, agent d&rsquo;enrobage E903. Ne convient pas aux enfants de moins de 3 ans.<\/p>\n","protected":false},"featured_media":358365,"comment_status":"open","ping_status":"closed","template":"","meta":[],"product_cat":[77],"product_tag":[],"aioseo_notices":[],"jetpack_sharing_enabled":true,"_links":{"self":[{"href":"https:\/\/pop-co.fr\/index.php\/wp-json\/wp\/v2\/product\/222809"}],"collection":[{"href":"https:\/\/pop-co.fr\/index.php\/wp-json\/wp\/v2\/product"}],"about":[{"href":"https:\/\/pop-co.fr\/index.php\/wp-json\/wp\/v2\/types\/product"}],"replies":[{"embeddable":true,"href":"https:\/\/pop-co.fr\/index.php\/wp-json\/wp\/v2\/comments?post=222809"}],"version-history":[{"count":0,"href":"https:\/\/pop-co.fr\/index.php\/wp-json\/wp\/v2\/product\/222809\/revisions"}],"wp:featuredmedia":[{"embeddable":true,"href":"https:\/\/pop-co.fr\/index.php\/wp-json\/wp\/v2\/media\/358365"}],"wp:attachment":[{"href":"https:\/\/pop-co.fr\/index.php\/wp-json\/wp\/v2\/media?parent=222809"}],"wp:term":[{"taxonomy":"product_cat","embeddable":true,"href":"https:\/\/pop-co.fr\/index.php\/wp-json\/wp\/v2\/product_cat?post=222809"},{"taxonomy":"product_tag","embeddable":true,"href":"https:\/\/pop-co.fr\/index.php\/wp-json\/wp\/v2\/product_tag?post=222809"}],"curies":[{"name":"wp","href":"https:\/\/api.w.org\/{rel}","templated":true}]}}