{"id":222822,"date":"2024-12-06T13:30:27","date_gmt":"2024-12-06T12:30:27","guid":{"rendered":"https:\/\/pop-co.fr\/index.php\/product\/ramune-snack-peche-20cl-2\/"},"modified":"2025-06-28T12:00:19","modified_gmt":"2025-06-28T10:00:19","slug":"ramune-snack-peche-20cl-2","status":"publish","type":"product","link":"https:\/\/pop-co.fr\/index.php\/product\/ramune-snack-peche-20cl-2\/","title":{"rendered":"RAMUNE &#8211; SNACK &#8211; P\u00eache 20cl"},"content":{"rendered":"<p>Limonade japonaise Ramune go\u00fbt P\u00eache blanche 200ML<\/p>\n<p>Ingr\u00e9dients : <\/p>\n<p>Eau, sirop de ma\u00efs concentr\u00e9 en fructose, sucre, acide citrique E330<br \/>\nE290.<\/p>\n<p>Bouteille en verre.<\/p>\n<p>_Fabriqu\u00e9 au Japon._<\/p>\n","protected":false},"excerpt":{"rendered":"<p>Limonade japonaise Ramune go\u00fbt P\u00eache blanche 200ML Ingr\u00e9dients : Eau, sirop de ma\u00efs concentr\u00e9 en fructose, sucre, acide citrique E330 E290. Bouteille en verre. _Fabriqu\u00e9 au Japon._<\/p>\n","protected":false},"featured_media":326063,"comment_status":"open","ping_status":"closed","template":"","meta":[],"product_cat":[77],"product_tag":[],"aioseo_notices":[],"jetpack_sharing_enabled":true,"_links":{"self":[{"href":"https:\/\/pop-co.fr\/index.php\/wp-json\/wp\/v2\/product\/222822"}],"collection":[{"href":"https:\/\/pop-co.fr\/index.php\/wp-json\/wp\/v2\/product"}],"about":[{"href":"https:\/\/pop-co.fr\/index.php\/wp-json\/wp\/v2\/types\/product"}],"replies":[{"embeddable":true,"href":"https:\/\/pop-co.fr\/index.php\/wp-json\/wp\/v2\/comments?post=222822"}],"version-history":[{"count":0,"href":"https:\/\/pop-co.fr\/index.php\/wp-json\/wp\/v2\/product\/222822\/revisions"}],"wp:featuredmedia":[{"embeddable":true,"href":"https:\/\/pop-co.fr\/index.php\/wp-json\/wp\/v2\/media\/326063"}],"wp:attachment":[{"href":"https:\/\/pop-co.fr\/index.php\/wp-json\/wp\/v2\/media?parent=222822"}],"wp:term":[{"taxonomy":"product_cat","embeddable":true,"href":"https:\/\/pop-co.fr\/index.php\/wp-json\/wp\/v2\/product_cat?post=222822"},{"taxonomy":"product_tag","embeddable":true,"href":"https:\/\/pop-co.fr\/index.php\/wp-json\/wp\/v2\/product_tag?post=222822"}],"curies":[{"name":"wp","href":"https:\/\/api.w.org\/{rel}","templated":true}]}}