{"id":225109,"date":"2024-12-10T12:10:42","date_gmt":"2024-12-10T11:10:42","guid":{"rendered":"https:\/\/pop-co.fr\/index.php\/product\/disney-stitch-guitare-figurine-10cm\/"},"modified":"2025-07-11T11:07:52","modified_gmt":"2025-07-11T09:07:52","slug":"disney-stitch-guitare-figurine-10cm","status":"publish","type":"product","link":"https:\/\/pop-co.fr\/index.php\/product\/disney-stitch-guitare-figurine-10cm\/","title":{"rendered":"DISNEY &#8211; Stitch guitare &#8211; Figurine 10cm"},"content":{"rendered":"<p>Il est temps de secouer votre collection : \u00e7a va rocker avec Stitch !<br \/>\nLe plus malicieux des extraterrestres nous fait un v\u00e9ritable solo de ukul\u00e9l\u00e9, imitant Elvis jouant de la guitare, avec ses vinyles pr\u00e9f\u00e9r\u00e9s \u00e0 c\u00f4t\u00e9 de lui. En le regardant faire le show d&rsquo;un air enjou\u00e9, c&rsquo;est toute la signification de l&rsquo;esprit d&rsquo;Ohana, ancr\u00e9 en Stitch, qui reviendra en vous. Parfaite pour les fans et les collectionneurs de Disney, cette nouvelle figurine SG par ABYstyle Studio apportera une touche de joie et de rock\u2019n\u2019roll \u00e0 votre collection ! <\/p>\n<p>&#8211; Figurine en PVC de la gamme SG<br \/>\n&#8211; Hauteur : 10 cm<br \/>\n&#8211; Echelle : 1\/10\u00e8me<\/p>\n","protected":false},"excerpt":{"rendered":"<p>Il est temps de secouer votre collection : \u00e7a va rocker avec Stitch ! Le plus malicieux des extraterrestres nous fait un v\u00e9ritable solo de ukul\u00e9l\u00e9, imitant Elvis jouant de la guitare, avec ses vinyles pr\u00e9f\u00e9r\u00e9s \u00e0 c\u00f4t\u00e9 de lui. En le regardant faire le show d&rsquo;un air enjou\u00e9, c&rsquo;est toute la signification de l&rsquo;esprit [&hellip;]<\/p>\n","protected":false},"featured_media":354275,"comment_status":"open","ping_status":"closed","template":"","meta":[],"product_cat":[30],"product_tag":[],"aioseo_notices":[],"jetpack_sharing_enabled":true,"_links":{"self":[{"href":"https:\/\/pop-co.fr\/index.php\/wp-json\/wp\/v2\/product\/225109"}],"collection":[{"href":"https:\/\/pop-co.fr\/index.php\/wp-json\/wp\/v2\/product"}],"about":[{"href":"https:\/\/pop-co.fr\/index.php\/wp-json\/wp\/v2\/types\/product"}],"replies":[{"embeddable":true,"href":"https:\/\/pop-co.fr\/index.php\/wp-json\/wp\/v2\/comments?post=225109"}],"version-history":[{"count":0,"href":"https:\/\/pop-co.fr\/index.php\/wp-json\/wp\/v2\/product\/225109\/revisions"}],"wp:featuredmedia":[{"embeddable":true,"href":"https:\/\/pop-co.fr\/index.php\/wp-json\/wp\/v2\/media\/354275"}],"wp:attachment":[{"href":"https:\/\/pop-co.fr\/index.php\/wp-json\/wp\/v2\/media?parent=225109"}],"wp:term":[{"taxonomy":"product_cat","embeddable":true,"href":"https:\/\/pop-co.fr\/index.php\/wp-json\/wp\/v2\/product_cat?post=225109"},{"taxonomy":"product_tag","embeddable":true,"href":"https:\/\/pop-co.fr\/index.php\/wp-json\/wp\/v2\/product_tag?post=225109"}],"curies":[{"name":"wp","href":"https:\/\/api.w.org\/{rel}","templated":true}]}}