{"id":2258,"date":"2024-02-20T17:57:56","date_gmt":"2024-02-20T16:57:56","guid":{"rendered":"https:\/\/pop-co.fr\/index.php\/product\/coffret-disney-notebook-a5-stylo-maui-stitch\/"},"modified":"2025-06-28T13:19:11","modified_gmt":"2025-06-28T11:19:11","slug":"coffret-disney-notebook-a5-stylo-maui-stitch","status":"publish","type":"product","link":"https:\/\/pop-co.fr\/index.php\/product\/coffret-disney-notebook-a5-stylo-maui-stitch\/","title":{"rendered":"COFFRET &#8211; DISNEY &#8211; Notebook A5 + Stylo Maui (Stitch)"},"content":{"rendered":"<p>Notebook + Stylo Bille Stitch &#8211; Maui<br \/>\nAgenda de 100 pages avec couverture rigide, marqueur de page et fermeture \u00e0 \u00e9lastique. Le tout dans une boite de pr\u00e9sentation<br \/>\nStylo d\u00e9coratif avec silhouette sur le dessus.<\/p>\n<p>dimension de la boite 22.4 x 2.2 x 23.20 cm<\/p>\n","protected":false},"excerpt":{"rendered":"<p>Notebook + Stylo Bille Stitch &#8211; Maui Agenda de 100 pages avec couverture rigide, marqueur de page et fermeture \u00e0 \u00e9lastique. Le tout dans une boite de pr\u00e9sentation Stylo d\u00e9coratif avec silhouette sur le dessus. dimension de la boite 22.4 x 2.2 x 23.20 cm<\/p>\n","protected":false},"featured_media":149346,"comment_status":"open","ping_status":"closed","template":"","meta":[],"product_cat":[30],"product_tag":[],"aioseo_notices":[],"jetpack_sharing_enabled":true,"_links":{"self":[{"href":"https:\/\/pop-co.fr\/index.php\/wp-json\/wp\/v2\/product\/2258"}],"collection":[{"href":"https:\/\/pop-co.fr\/index.php\/wp-json\/wp\/v2\/product"}],"about":[{"href":"https:\/\/pop-co.fr\/index.php\/wp-json\/wp\/v2\/types\/product"}],"replies":[{"embeddable":true,"href":"https:\/\/pop-co.fr\/index.php\/wp-json\/wp\/v2\/comments?post=2258"}],"version-history":[{"count":0,"href":"https:\/\/pop-co.fr\/index.php\/wp-json\/wp\/v2\/product\/2258\/revisions"}],"wp:featuredmedia":[{"embeddable":true,"href":"https:\/\/pop-co.fr\/index.php\/wp-json\/wp\/v2\/media\/149346"}],"wp:attachment":[{"href":"https:\/\/pop-co.fr\/index.php\/wp-json\/wp\/v2\/media?parent=2258"}],"wp:term":[{"taxonomy":"product_cat","embeddable":true,"href":"https:\/\/pop-co.fr\/index.php\/wp-json\/wp\/v2\/product_cat?post=2258"},{"taxonomy":"product_tag","embeddable":true,"href":"https:\/\/pop-co.fr\/index.php\/wp-json\/wp\/v2\/product_tag?post=2258"}],"curies":[{"name":"wp","href":"https:\/\/api.w.org\/{rel}","templated":true}]}}