{"id":2264,"date":"2024-02-20T17:58:02","date_gmt":"2024-02-20T16:58:02","guid":{"rendered":"https:\/\/pop-co.fr\/index.php\/product\/horloge-nbx-jack\/"},"modified":"2025-06-28T13:19:14","modified_gmt":"2025-06-28T11:19:14","slug":"horloge-nbx-jack","status":"publish","type":"product","link":"https:\/\/pop-co.fr\/index.php\/product\/horloge-nbx-jack\/","title":{"rendered":"HORLOGE &#8211; NBX &#8211; Jack"},"content":{"rendered":"<p>Horloge murale \u00ab\u00a0L&rsquo;\u00e9trange No\u00ebl de Monsieur Jack\u00a0\u00bb.<br \/>\nCette horloge murale a pour th\u00e8me NBC avec des personnages tourbillonnants et poss\u00e8de un cadran \u00e0 deux aiguilles.<br \/>\nElle est emball\u00e9e dans un emballage officiel de la marque.<\/p>\n<p>Dimensions approximatives : 25 x 25 x 4 cm<\/p>\n","protected":false},"excerpt":{"rendered":"<p>Horloge murale \u00ab\u00a0L&rsquo;\u00e9trange No\u00ebl de Monsieur Jack\u00a0\u00bb. Cette horloge murale a pour th\u00e8me NBC avec des personnages tourbillonnants et poss\u00e8de un cadran \u00e0 deux aiguilles. Elle est emball\u00e9e dans un emballage officiel de la marque. Dimensions approximatives : 25 x 25 x 4 cm<\/p>\n","protected":false},"featured_media":149350,"comment_status":"open","ping_status":"closed","template":"","meta":[],"product_cat":[31],"product_tag":[],"aioseo_notices":[],"jetpack_sharing_enabled":true,"_links":{"self":[{"href":"https:\/\/pop-co.fr\/index.php\/wp-json\/wp\/v2\/product\/2264"}],"collection":[{"href":"https:\/\/pop-co.fr\/index.php\/wp-json\/wp\/v2\/product"}],"about":[{"href":"https:\/\/pop-co.fr\/index.php\/wp-json\/wp\/v2\/types\/product"}],"replies":[{"embeddable":true,"href":"https:\/\/pop-co.fr\/index.php\/wp-json\/wp\/v2\/comments?post=2264"}],"version-history":[{"count":0,"href":"https:\/\/pop-co.fr\/index.php\/wp-json\/wp\/v2\/product\/2264\/revisions"}],"wp:featuredmedia":[{"embeddable":true,"href":"https:\/\/pop-co.fr\/index.php\/wp-json\/wp\/v2\/media\/149350"}],"wp:attachment":[{"href":"https:\/\/pop-co.fr\/index.php\/wp-json\/wp\/v2\/media?parent=2264"}],"wp:term":[{"taxonomy":"product_cat","embeddable":true,"href":"https:\/\/pop-co.fr\/index.php\/wp-json\/wp\/v2\/product_cat?post=2264"},{"taxonomy":"product_tag","embeddable":true,"href":"https:\/\/pop-co.fr\/index.php\/wp-json\/wp\/v2\/product_tag?post=2264"}],"curies":[{"name":"wp","href":"https:\/\/api.w.org\/{rel}","templated":true}]}}