{"id":2273,"date":"2024-02-20T17:58:12","date_gmt":"2024-02-20T16:58:12","guid":{"rendered":"https:\/\/pop-co.fr\/index.php\/product\/one-piece-zoro-vers-demon-spirit-kyuutouryuu-asura-figurine-17cm\/"},"modified":"2025-06-28T13:19:18","modified_gmt":"2025-06-28T11:19:18","slug":"one-piece-zoro-vers-demon-spirit-kyuutouryuu-asura-figurine-17cm","status":"publish","type":"product","link":"https:\/\/pop-co.fr\/index.php\/product\/one-piece-zoro-vers-demon-spirit-kyuutouryuu-asura-figurine-17cm\/","title":{"rendered":"ONE PIECE &#8211; Zoro Vers. demon spirit kyuutouryuu asura &#8211; Figurine 17cm"},"content":{"rendered":"<p>Statuette en PVC taille env. 17 cm avec socle, en emballage bo\u00eete-fen\u00eatre. Mod\u00e8le tr\u00e8s d\u00e9taill\u00e9 dans la collection Megahouse Excellent Model.<br \/>\nComposition : PVC<\/p>\n","protected":false},"excerpt":{"rendered":"<p>Statuette en PVC taille env. 17 cm avec socle, en emballage bo\u00eete-fen\u00eatre. Mod\u00e8le tr\u00e8s d\u00e9taill\u00e9 dans la collection Megahouse Excellent Model. Composition : PVC<\/p>\n","protected":false},"featured_media":149351,"comment_status":"open","ping_status":"closed","template":"","meta":[],"product_cat":[17,22],"product_tag":[],"aioseo_notices":[],"jetpack_sharing_enabled":true,"_links":{"self":[{"href":"https:\/\/pop-co.fr\/index.php\/wp-json\/wp\/v2\/product\/2273"}],"collection":[{"href":"https:\/\/pop-co.fr\/index.php\/wp-json\/wp\/v2\/product"}],"about":[{"href":"https:\/\/pop-co.fr\/index.php\/wp-json\/wp\/v2\/types\/product"}],"replies":[{"embeddable":true,"href":"https:\/\/pop-co.fr\/index.php\/wp-json\/wp\/v2\/comments?post=2273"}],"version-history":[{"count":0,"href":"https:\/\/pop-co.fr\/index.php\/wp-json\/wp\/v2\/product\/2273\/revisions"}],"wp:featuredmedia":[{"embeddable":true,"href":"https:\/\/pop-co.fr\/index.php\/wp-json\/wp\/v2\/media\/149351"}],"wp:attachment":[{"href":"https:\/\/pop-co.fr\/index.php\/wp-json\/wp\/v2\/media?parent=2273"}],"wp:term":[{"taxonomy":"product_cat","embeddable":true,"href":"https:\/\/pop-co.fr\/index.php\/wp-json\/wp\/v2\/product_cat?post=2273"},{"taxonomy":"product_tag","embeddable":true,"href":"https:\/\/pop-co.fr\/index.php\/wp-json\/wp\/v2\/product_tag?post=2273"}],"curies":[{"name":"wp","href":"https:\/\/api.w.org\/{rel}","templated":true}]}}