{"id":2339,"date":"2024-02-20T17:59:28","date_gmt":"2024-02-20T16:59:28","guid":{"rendered":"https:\/\/pop-co.fr\/index.php\/product\/one-piece-killer-edition-limitee-figurine-24cm\/"},"modified":"2025-07-29T11:20:04","modified_gmt":"2025-07-29T09:20:04","slug":"one-piece-killer-edition-limitee-figurine-24cm","status":"publish","type":"product","link":"https:\/\/pop-co.fr\/index.php\/product\/one-piece-killer-edition-limitee-figurine-24cm\/","title":{"rendered":"ONE PIECE &#8211; Killer (\u00e9dition limit\u00e9e) &#8211; Figurine 24cm"},"content":{"rendered":"<p>Statuette en PVC taille env. 24 cm avec socle, en emballage bo\u00eete-fen\u00eatre. Mod\u00e8le tr\u00e8s d\u00e9taill\u00e9 dans la collection Megahouse Excellent Model disposant de t\u00eates, mains et accessoires interchangeables.<br \/>\nComposition : PVC<\/p>\n","protected":false},"excerpt":{"rendered":"<p>Statuette en PVC taille env. 24 cm avec socle, en emballage bo\u00eete-fen\u00eatre. Mod\u00e8le tr\u00e8s d\u00e9taill\u00e9 dans la collection Megahouse Excellent Model disposant de t\u00eates, mains et accessoires interchangeables. Composition : PVC<\/p>\n","protected":false},"featured_media":356276,"comment_status":"open","ping_status":"closed","template":"","meta":[],"product_cat":[17,22],"product_tag":[],"aioseo_notices":[],"jetpack_sharing_enabled":true,"_links":{"self":[{"href":"https:\/\/pop-co.fr\/index.php\/wp-json\/wp\/v2\/product\/2339"}],"collection":[{"href":"https:\/\/pop-co.fr\/index.php\/wp-json\/wp\/v2\/product"}],"about":[{"href":"https:\/\/pop-co.fr\/index.php\/wp-json\/wp\/v2\/types\/product"}],"replies":[{"embeddable":true,"href":"https:\/\/pop-co.fr\/index.php\/wp-json\/wp\/v2\/comments?post=2339"}],"version-history":[{"count":0,"href":"https:\/\/pop-co.fr\/index.php\/wp-json\/wp\/v2\/product\/2339\/revisions"}],"wp:featuredmedia":[{"embeddable":true,"href":"https:\/\/pop-co.fr\/index.php\/wp-json\/wp\/v2\/media\/356276"}],"wp:attachment":[{"href":"https:\/\/pop-co.fr\/index.php\/wp-json\/wp\/v2\/media?parent=2339"}],"wp:term":[{"taxonomy":"product_cat","embeddable":true,"href":"https:\/\/pop-co.fr\/index.php\/wp-json\/wp\/v2\/product_cat?post=2339"},{"taxonomy":"product_tag","embeddable":true,"href":"https:\/\/pop-co.fr\/index.php\/wp-json\/wp\/v2\/product_tag?post=2339"}],"curies":[{"name":"wp","href":"https:\/\/api.w.org\/{rel}","templated":true}]}}