{"id":234580,"date":"2024-12-13T12:13:49","date_gmt":"2024-12-13T11:13:49","guid":{"rendered":"https:\/\/pop-co.fr\/index.php\/product\/briquet-metal-grendizer-goldorak\/"},"modified":"2025-09-15T18:07:46","modified_gmt":"2025-09-15T16:07:46","slug":"briquet-metal-grendizer-goldorak","status":"publish","type":"product","link":"https:\/\/pop-co.fr\/index.php\/product\/briquet-metal-grendizer-goldorak\/","title":{"rendered":"BRIQUET MIROIR &#8211; GRENDIZER &#8211; Goldorak"},"content":{"rendered":"<p>D\u00e9couvrez le briquet de l&rsquo;incontournable GOLDORAK . Ce produit au design unique vous accompagnera quotidiennement. <\/p>\n<p>PRATIQUE : ce briquet en m\u00e9tal est rechargeable.<br \/>\nUSAGE QUOTIDIEN : ce briquet est id\u00e9al pour les cigarettes, utilisation culinaire, activit\u00e9s telles que le camping, la p\u00eache, ou encore le barbecue.<\/p>\n","protected":false},"excerpt":{"rendered":"<p>D\u00e9couvrez le briquet de l&rsquo;incontournable GOLDORAK . Ce produit au design unique vous accompagnera quotidiennement. PRATIQUE : ce briquet en m\u00e9tal est rechargeable. USAGE QUOTIDIEN : ce briquet est id\u00e9al pour les cigarettes, utilisation culinaire, activit\u00e9s telles que le camping, la p\u00eache, ou encore le barbecue.<\/p>\n","protected":false},"featured_media":358626,"comment_status":"open","ping_status":"closed","template":"","meta":[],"product_cat":[17,18],"product_tag":[],"aioseo_notices":[],"jetpack_sharing_enabled":true,"_links":{"self":[{"href":"https:\/\/pop-co.fr\/index.php\/wp-json\/wp\/v2\/product\/234580"}],"collection":[{"href":"https:\/\/pop-co.fr\/index.php\/wp-json\/wp\/v2\/product"}],"about":[{"href":"https:\/\/pop-co.fr\/index.php\/wp-json\/wp\/v2\/types\/product"}],"replies":[{"embeddable":true,"href":"https:\/\/pop-co.fr\/index.php\/wp-json\/wp\/v2\/comments?post=234580"}],"version-history":[{"count":0,"href":"https:\/\/pop-co.fr\/index.php\/wp-json\/wp\/v2\/product\/234580\/revisions"}],"wp:featuredmedia":[{"embeddable":true,"href":"https:\/\/pop-co.fr\/index.php\/wp-json\/wp\/v2\/media\/358626"}],"wp:attachment":[{"href":"https:\/\/pop-co.fr\/index.php\/wp-json\/wp\/v2\/media?parent=234580"}],"wp:term":[{"taxonomy":"product_cat","embeddable":true,"href":"https:\/\/pop-co.fr\/index.php\/wp-json\/wp\/v2\/product_cat?post=234580"},{"taxonomy":"product_tag","embeddable":true,"href":"https:\/\/pop-co.fr\/index.php\/wp-json\/wp\/v2\/product_tag?post=234580"}],"curies":[{"name":"wp","href":"https:\/\/api.w.org\/{rel}","templated":true}]}}