{"id":241628,"date":"2024-12-15T14:08:13","date_gmt":"2024-12-15T13:08:13","guid":{"rendered":"https:\/\/pop-co.fr\/index.php\/product\/squish-mystere-hello-kitty-hello-kitty-cappuccino\/"},"modified":"2025-09-05T11:17:39","modified_gmt":"2025-09-05T09:17:39","slug":"squish-mystere-hello-kitty-hello-kitty-cappuccino","status":"publish","type":"product","link":"https:\/\/pop-co.fr\/index.php\/product\/squish-mystere-hello-kitty-hello-kitty-cappuccino\/","title":{"rendered":"SQUISH MYSTERE &#8211; HELLO KITTY &#8211; Hello Kitty Cappuccino"},"content":{"rendered":"<p>*ATTENTION PRODUIT AL\u00c9ATOIRE NE POUVANT \u00caTRE RETOURN\u00c9*<\/p>\n<p>Hello Kitty est n\u00e9e dans la banlieue de Londres. Elle vit avec ses parents et sa s\u0153ur jumelle Mimmy, qui est sa meilleure amie. Elle aime faire des biscuits et se faire de nouveaux amis. Comme elle le dit toujours, \u00ab on n&rsquo;a jamais trop d&rsquo;amis ! \u00bb. Prenez simplement votre tasse Hello Kitty Cappuccino et versez-y un peu d&rsquo;eau. Comme par magie, vous serez r\u00e9compens\u00e9 par l&rsquo;apparition d&rsquo;un Squishy Hello Kitty \u00e0 collectionner ! 8 Hello Kitty \u00e0 la mode \u00e0 collectionner !<\/p>\n<p>Pour les 3 ans et plus<\/p>\n","protected":false},"excerpt":{"rendered":"<p>*ATTENTION PRODUIT AL\u00c9ATOIRE NE POUVANT \u00caTRE RETOURN\u00c9* Hello Kitty est n\u00e9e dans la banlieue de Londres. Elle vit avec ses parents et sa s\u0153ur jumelle Mimmy, qui est sa meilleure amie. Elle aime faire des biscuits et se faire de nouveaux amis. Comme elle le dit toujours, \u00ab on n&rsquo;a jamais trop d&rsquo;amis ! \u00bb. [&hellip;]<\/p>\n","protected":false},"featured_media":358142,"comment_status":"open","ping_status":"closed","template":"","meta":[],"product_cat":[80,17],"product_tag":[],"aioseo_notices":[],"jetpack_sharing_enabled":true,"_links":{"self":[{"href":"https:\/\/pop-co.fr\/index.php\/wp-json\/wp\/v2\/product\/241628"}],"collection":[{"href":"https:\/\/pop-co.fr\/index.php\/wp-json\/wp\/v2\/product"}],"about":[{"href":"https:\/\/pop-co.fr\/index.php\/wp-json\/wp\/v2\/types\/product"}],"replies":[{"embeddable":true,"href":"https:\/\/pop-co.fr\/index.php\/wp-json\/wp\/v2\/comments?post=241628"}],"version-history":[{"count":0,"href":"https:\/\/pop-co.fr\/index.php\/wp-json\/wp\/v2\/product\/241628\/revisions"}],"wp:featuredmedia":[{"embeddable":true,"href":"https:\/\/pop-co.fr\/index.php\/wp-json\/wp\/v2\/media\/358142"}],"wp:attachment":[{"href":"https:\/\/pop-co.fr\/index.php\/wp-json\/wp\/v2\/media?parent=241628"}],"wp:term":[{"taxonomy":"product_cat","embeddable":true,"href":"https:\/\/pop-co.fr\/index.php\/wp-json\/wp\/v2\/product_cat?post=241628"},{"taxonomy":"product_tag","embeddable":true,"href":"https:\/\/pop-co.fr\/index.php\/wp-json\/wp\/v2\/product_tag?post=241628"}],"curies":[{"name":"wp","href":"https:\/\/api.w.org\/{rel}","templated":true}]}}