{"id":2417,"date":"2024-02-20T18:01:18","date_gmt":"2024-02-20T17:01:18","guid":{"rendered":"https:\/\/pop-co.fr\/index.php\/product\/t-shirt-femme-demon-slayer-kamado-nezuko-taille-l\/"},"modified":"2025-06-28T13:20:39","modified_gmt":"2025-06-28T11:20:39","slug":"t-shirt-femme-demon-slayer-kamado-nezuko-taille-l","status":"publish","type":"product","link":"https:\/\/pop-co.fr\/index.php\/product\/t-shirt-femme-demon-slayer-kamado-nezuko-taille-l\/","title":{"rendered":"T-SHIRT FEMME &#8211; DEMON SLAYER &#8211; Kamado Nezuko (Taille L)"},"content":{"rendered":"<p>Affichez votre amour pour la mignonne d\u00e9mone pourfendeuse avec ce t-shirt Nezuko Kamado par ABYstyle. Ce t-shirt pr\u00e9sente Nezuko dans un design monochrome rose inspir\u00e9 de Demon Slayer. <\/p>\n<p>&#8211; Forme cintr\u00e9e et longue. Col rond.<br \/>\n&#8211; T-shirt d&rsquo;excellente qualit\u00e9 : 145g\/m\u00b2, 100% coton.<br \/>\n&#8211; Coloris : noir<\/p>\n","protected":false},"excerpt":{"rendered":"<p>Affichez votre amour pour la mignonne d\u00e9mone pourfendeuse avec ce t-shirt Nezuko Kamado par ABYstyle. Ce t-shirt pr\u00e9sente Nezuko dans un design monochrome rose inspir\u00e9 de Demon Slayer. &#8211; Forme cintr\u00e9e et longue. Col rond. &#8211; T-shirt d&rsquo;excellente qualit\u00e9 : 145g\/m\u00b2, 100% coton. &#8211; Coloris : noir<\/p>\n","protected":false},"featured_media":224671,"comment_status":"open","ping_status":"closed","template":"","meta":[],"product_cat":[47,49],"product_tag":[],"aioseo_notices":[],"jetpack_sharing_enabled":true,"_links":{"self":[{"href":"https:\/\/pop-co.fr\/index.php\/wp-json\/wp\/v2\/product\/2417"}],"collection":[{"href":"https:\/\/pop-co.fr\/index.php\/wp-json\/wp\/v2\/product"}],"about":[{"href":"https:\/\/pop-co.fr\/index.php\/wp-json\/wp\/v2\/types\/product"}],"replies":[{"embeddable":true,"href":"https:\/\/pop-co.fr\/index.php\/wp-json\/wp\/v2\/comments?post=2417"}],"version-history":[{"count":0,"href":"https:\/\/pop-co.fr\/index.php\/wp-json\/wp\/v2\/product\/2417\/revisions"}],"wp:featuredmedia":[{"embeddable":true,"href":"https:\/\/pop-co.fr\/index.php\/wp-json\/wp\/v2\/media\/224671"}],"wp:attachment":[{"href":"https:\/\/pop-co.fr\/index.php\/wp-json\/wp\/v2\/media?parent=2417"}],"wp:term":[{"taxonomy":"product_cat","embeddable":true,"href":"https:\/\/pop-co.fr\/index.php\/wp-json\/wp\/v2\/product_cat?post=2417"},{"taxonomy":"product_tag","embeddable":true,"href":"https:\/\/pop-co.fr\/index.php\/wp-json\/wp\/v2\/product_tag?post=2417"}],"curies":[{"name":"wp","href":"https:\/\/api.w.org\/{rel}","templated":true}]}}