{"id":2443,"date":"2024-02-20T18:01:48","date_gmt":"2024-02-20T17:01:48","guid":{"rendered":"https:\/\/pop-co.fr\/index.php\/product\/chibi-posters-x2-junji-ito-soichi-et-tomie\/"},"modified":"2025-09-16T16:57:32","modified_gmt":"2025-09-16T14:57:32","slug":"chibi-posters-x2-junji-ito-soichi-et-tomie","status":"publish","type":"product","link":"https:\/\/pop-co.fr\/index.php\/product\/chibi-posters-x2-junji-ito-soichi-et-tomie\/","title":{"rendered":"CHIBI POSTERS X2 &#8211; JUNJI ITO &#8211; Soichi et Tomie"},"content":{"rendered":"<p>L&rsquo;horreur s&rsquo;invite chez vous avec ces posters So\u00efchi et Tomie, 2 oeuvres fondatrices dans l&rsquo;univers de Junji Ito. \u00cates-vous pr\u00eats \u00e0 affonter vos peurs ? Seuls les courageux profiteront de ces oeuvres fantastiques gr\u00e2ce \u00e0 ce set de 2 posters par GB eye ! <\/p>\n<p>&#8211; Grammage exceptionnel exclusif GB eye : 170 g\/m\u00b2 sur papier brillant. Impression haute qualit\u00e9 en offset.<br \/>\n&#8211; 2 posters emball\u00e9s dans un \u00e9tui carton \u00e0 la licence.<br \/>\n&#8211; Dimensions : 52 cm x 38 cm<\/p>\n","protected":false},"excerpt":{"rendered":"<p>L&rsquo;horreur s&rsquo;invite chez vous avec ces posters So\u00efchi et Tomie, 2 oeuvres fondatrices dans l&rsquo;univers de Junji Ito. \u00cates-vous pr\u00eats \u00e0 affonter vos peurs ? Seuls les courageux profiteront de ces oeuvres fantastiques gr\u00e2ce \u00e0 ce set de 2 posters par GB eye ! &#8211; Grammage exceptionnel exclusif GB eye : 170 g\/m\u00b2 sur papier [&hellip;]<\/p>\n","protected":false},"featured_media":358653,"comment_status":"open","ping_status":"closed","template":"","meta":[],"product_cat":[76],"product_tag":[],"aioseo_notices":[],"jetpack_sharing_enabled":true,"_links":{"self":[{"href":"https:\/\/pop-co.fr\/index.php\/wp-json\/wp\/v2\/product\/2443"}],"collection":[{"href":"https:\/\/pop-co.fr\/index.php\/wp-json\/wp\/v2\/product"}],"about":[{"href":"https:\/\/pop-co.fr\/index.php\/wp-json\/wp\/v2\/types\/product"}],"replies":[{"embeddable":true,"href":"https:\/\/pop-co.fr\/index.php\/wp-json\/wp\/v2\/comments?post=2443"}],"version-history":[{"count":0,"href":"https:\/\/pop-co.fr\/index.php\/wp-json\/wp\/v2\/product\/2443\/revisions"}],"wp:featuredmedia":[{"embeddable":true,"href":"https:\/\/pop-co.fr\/index.php\/wp-json\/wp\/v2\/media\/358653"}],"wp:attachment":[{"href":"https:\/\/pop-co.fr\/index.php\/wp-json\/wp\/v2\/media?parent=2443"}],"wp:term":[{"taxonomy":"product_cat","embeddable":true,"href":"https:\/\/pop-co.fr\/index.php\/wp-json\/wp\/v2\/product_cat?post=2443"},{"taxonomy":"product_tag","embeddable":true,"href":"https:\/\/pop-co.fr\/index.php\/wp-json\/wp\/v2\/product_tag?post=2443"}],"curies":[{"name":"wp","href":"https:\/\/api.w.org\/{rel}","templated":true}]}}