{"id":2455,"date":"2024-02-20T18:02:04","date_gmt":"2024-02-20T17:02:04","guid":{"rendered":"https:\/\/pop-co.fr\/index.php\/product\/chibi-posters-x2-hokusai-la-grande-vague-et-fuji-rouge\/"},"modified":"2025-07-29T11:18:29","modified_gmt":"2025-07-29T09:18:29","slug":"chibi-posters-x2-hokusai-la-grande-vague-et-fuji-rouge","status":"publish","type":"product","link":"https:\/\/pop-co.fr\/index.php\/product\/chibi-posters-x2-hokusai-la-grande-vague-et-fuji-rouge\/","title":{"rendered":"CHIBI POSTERS X2 &#8211; HOKUSAI &#8211; La grande vague et Fuji rouge"},"content":{"rendered":"<p>Cet ensemble de deux chibi posters pr\u00e9sente deux des plus c\u00e9l\u00e8bres gravures sur bois d&rsquo;Hokusai, un artiste influent de la p\u00e9riode Edo de l&rsquo;histoire du Japon. La Grande Vague et le Fuji Rouge sont des oeuvres embl\u00e9matiques, offertes par GB eye. <\/p>\n<p>&#8211; Grammage exceptionnel exclusif GB eye : 170 g\/m\u00b2 sur papier brillant. Impression haute qualit\u00e9 en offset.<br \/>\n&#8211; 2 posters emball\u00e9s dans un \u00e9tui carton \u00e0 la licence.<br \/>\n&#8211; Dimensions : 52 cm x 38 cm<\/p>\n","protected":false},"excerpt":{"rendered":"<p>Cet ensemble de deux chibi posters pr\u00e9sente deux des plus c\u00e9l\u00e8bres gravures sur bois d&rsquo;Hokusai, un artiste influent de la p\u00e9riode Edo de l&rsquo;histoire du Japon. La Grande Vague et le Fuji Rouge sont des oeuvres embl\u00e9matiques, offertes par GB eye. &#8211; Grammage exceptionnel exclusif GB eye : 170 g\/m\u00b2 sur papier brillant. Impression haute [&hellip;]<\/p>\n","protected":false},"featured_media":356262,"comment_status":"open","ping_status":"closed","template":"","meta":[],"product_cat":[76],"product_tag":[],"aioseo_notices":[],"jetpack_sharing_enabled":true,"_links":{"self":[{"href":"https:\/\/pop-co.fr\/index.php\/wp-json\/wp\/v2\/product\/2455"}],"collection":[{"href":"https:\/\/pop-co.fr\/index.php\/wp-json\/wp\/v2\/product"}],"about":[{"href":"https:\/\/pop-co.fr\/index.php\/wp-json\/wp\/v2\/types\/product"}],"replies":[{"embeddable":true,"href":"https:\/\/pop-co.fr\/index.php\/wp-json\/wp\/v2\/comments?post=2455"}],"version-history":[{"count":0,"href":"https:\/\/pop-co.fr\/index.php\/wp-json\/wp\/v2\/product\/2455\/revisions"}],"wp:featuredmedia":[{"embeddable":true,"href":"https:\/\/pop-co.fr\/index.php\/wp-json\/wp\/v2\/media\/356262"}],"wp:attachment":[{"href":"https:\/\/pop-co.fr\/index.php\/wp-json\/wp\/v2\/media?parent=2455"}],"wp:term":[{"taxonomy":"product_cat","embeddable":true,"href":"https:\/\/pop-co.fr\/index.php\/wp-json\/wp\/v2\/product_cat?post=2455"},{"taxonomy":"product_tag","embeddable":true,"href":"https:\/\/pop-co.fr\/index.php\/wp-json\/wp\/v2\/product_tag?post=2455"}],"curies":[{"name":"wp","href":"https:\/\/api.w.org\/{rel}","templated":true}]}}