{"id":245901,"date":"2024-12-17T10:38:17","date_gmt":"2024-12-17T09:38:17","guid":{"rendered":"https:\/\/pop-co.fr\/index.php\/product\/verres-shooters-x4-mha-heros\/"},"modified":"2025-07-29T11:58:34","modified_gmt":"2025-07-29T09:58:34","slug":"verres-shooters-x4-mha-heros","status":"publish","type":"product","link":"https:\/\/pop-co.fr\/index.php\/product\/verres-shooters-x4-mha-heros\/","title":{"rendered":"VERRES SHOOTERS X4 &#8211; MHA &#8211; H\u00e9ros"},"content":{"rendered":"<p>Pour surmonter la menace des vilains, une nouvelle \u00e9quipe de choc s&rsquo;est cr\u00e9e ! Midoriya, Bakugo, Tenya et Uraraka sont pr\u00eats \u00e0 affronter tous les dangers sur ce set de 4 shooters My Hero Academia par ABYstyle ! <\/p>\n<p>&#8211; Verre haute qualit\u00e9.<br \/>\n&#8211; Contenance : 5 cl.<br \/>\n&#8211; Tenue d&rsquo;impression exceptionnelle : r\u00e9siste \u00e0 plus de 700 cycles au lave-vaisselle.<\/p>\n","protected":false},"excerpt":{"rendered":"<p>Pour surmonter la menace des vilains, une nouvelle \u00e9quipe de choc s&rsquo;est cr\u00e9e ! Midoriya, Bakugo, Tenya et Uraraka sont pr\u00eats \u00e0 affronter tous les dangers sur ce set de 4 shooters My Hero Academia par ABYstyle ! &#8211; Verre haute qualit\u00e9. &#8211; Contenance : 5 cl. &#8211; Tenue d&rsquo;impression exceptionnelle : r\u00e9siste \u00e0 plus [&hellip;]<\/p>\n","protected":false},"featured_media":356581,"comment_status":"open","ping_status":"closed","template":"","meta":[],"product_cat":[17,26],"product_tag":[],"aioseo_notices":[],"jetpack_sharing_enabled":true,"_links":{"self":[{"href":"https:\/\/pop-co.fr\/index.php\/wp-json\/wp\/v2\/product\/245901"}],"collection":[{"href":"https:\/\/pop-co.fr\/index.php\/wp-json\/wp\/v2\/product"}],"about":[{"href":"https:\/\/pop-co.fr\/index.php\/wp-json\/wp\/v2\/types\/product"}],"replies":[{"embeddable":true,"href":"https:\/\/pop-co.fr\/index.php\/wp-json\/wp\/v2\/comments?post=245901"}],"version-history":[{"count":0,"href":"https:\/\/pop-co.fr\/index.php\/wp-json\/wp\/v2\/product\/245901\/revisions"}],"wp:featuredmedia":[{"embeddable":true,"href":"https:\/\/pop-co.fr\/index.php\/wp-json\/wp\/v2\/media\/356581"}],"wp:attachment":[{"href":"https:\/\/pop-co.fr\/index.php\/wp-json\/wp\/v2\/media?parent=245901"}],"wp:term":[{"taxonomy":"product_cat","embeddable":true,"href":"https:\/\/pop-co.fr\/index.php\/wp-json\/wp\/v2\/product_cat?post=245901"},{"taxonomy":"product_tag","embeddable":true,"href":"https:\/\/pop-co.fr\/index.php\/wp-json\/wp\/v2\/product_tag?post=245901"}],"curies":[{"name":"wp","href":"https:\/\/api.w.org\/{rel}","templated":true}]}}