{"id":2508,"date":"2024-02-20T18:03:05","date_gmt":"2024-02-20T17:03:05","guid":{"rendered":"https:\/\/pop-co.fr\/index.php\/product\/demon-slayer-tengen-uzui-figurine-13cm\/"},"modified":"2025-06-28T13:21:28","modified_gmt":"2025-06-28T11:21:28","slug":"demon-slayer-tengen-uzui-figurine-13cm","status":"publish","type":"product","link":"https:\/\/pop-co.fr\/index.php\/product\/demon-slayer-tengen-uzui-figurine-13cm\/","title":{"rendered":"DEMON SLAYER &#8211; Tengen Uzui &#8211; Figurine 13cm"},"content":{"rendered":"<p>Statuette en PVC, taille env. 13 cm, sous licence officielle.<br \/>\nRetrouvez Tengen du manga d\u00e9mon slayer ! \u00e9l\u00e9gant, fort ,le voila dans une magnifique figurine haut en couleur !<\/p>\n","protected":false},"excerpt":{"rendered":"<p>Statuette en PVC, taille env. 13 cm, sous licence officielle. Retrouvez Tengen du manga d\u00e9mon slayer ! \u00e9l\u00e9gant, fort ,le voila dans une magnifique figurine haut en couleur !<\/p>\n","protected":false},"featured_media":201390,"comment_status":"open","ping_status":"closed","template":"","meta":[],"product_cat":[17,24],"product_tag":[],"aioseo_notices":[],"jetpack_sharing_enabled":true,"_links":{"self":[{"href":"https:\/\/pop-co.fr\/index.php\/wp-json\/wp\/v2\/product\/2508"}],"collection":[{"href":"https:\/\/pop-co.fr\/index.php\/wp-json\/wp\/v2\/product"}],"about":[{"href":"https:\/\/pop-co.fr\/index.php\/wp-json\/wp\/v2\/types\/product"}],"replies":[{"embeddable":true,"href":"https:\/\/pop-co.fr\/index.php\/wp-json\/wp\/v2\/comments?post=2508"}],"version-history":[{"count":0,"href":"https:\/\/pop-co.fr\/index.php\/wp-json\/wp\/v2\/product\/2508\/revisions"}],"wp:featuredmedia":[{"embeddable":true,"href":"https:\/\/pop-co.fr\/index.php\/wp-json\/wp\/v2\/media\/201390"}],"wp:attachment":[{"href":"https:\/\/pop-co.fr\/index.php\/wp-json\/wp\/v2\/media?parent=2508"}],"wp:term":[{"taxonomy":"product_cat","embeddable":true,"href":"https:\/\/pop-co.fr\/index.php\/wp-json\/wp\/v2\/product_cat?post=2508"},{"taxonomy":"product_tag","embeddable":true,"href":"https:\/\/pop-co.fr\/index.php\/wp-json\/wp\/v2\/product_tag?post=2508"}],"curies":[{"name":"wp","href":"https:\/\/api.w.org\/{rel}","templated":true}]}}