{"id":2514,"date":"2024-02-20T18:03:14","date_gmt":"2024-02-20T17:03:14","guid":{"rendered":"https:\/\/pop-co.fr\/index.php\/product\/mug-thermoreactif-pokemon-evolitions\/"},"modified":"2025-08-19T15:53:32","modified_gmt":"2025-08-19T13:53:32","slug":"mug-thermoreactif-pokemon-evolitions","status":"publish","type":"product","link":"https:\/\/pop-co.fr\/index.php\/product\/mug-thermoreactif-pokemon-evolitions\/","title":{"rendered":"MUG THERMOREACTIF &#8211; POKEMON &#8211; Evolitions"},"content":{"rendered":"<p>Regardez \u00c9voli et ses \u00e9volutions appara\u00eetre sur ce mug heatchange Pok\u00e9mon par ABYstyle. <\/p>\n<p>Caract\u00e9ristiques :<br \/>\n&#8211; Change d&rsquo;aspect lorsque vous versez un liquide chaud.<br \/>\n&#8211; Grande contenance (460 ml).<br \/>\n&#8211; Ne passe pas au micro-ondes ou au lave-vaisselle<br \/>\n&#8211; Mati\u00e8re c\u00e9ramique.<\/p>\n","protected":false},"excerpt":{"rendered":"<p>Regardez \u00c9voli et ses \u00e9volutions appara\u00eetre sur ce mug heatchange Pok\u00e9mon par ABYstyle. Caract\u00e9ristiques : &#8211; Change d&rsquo;aspect lorsque vous versez un liquide chaud. &#8211; Grande contenance (460 ml). &#8211; Ne passe pas au micro-ondes ou au lave-vaisselle &#8211; Mati\u00e8re c\u00e9ramique.<\/p>\n","protected":false},"featured_media":357474,"comment_status":"open","ping_status":"closed","template":"","meta":[],"product_cat":[34,20],"product_tag":[],"aioseo_notices":[],"jetpack_sharing_enabled":true,"_links":{"self":[{"href":"https:\/\/pop-co.fr\/index.php\/wp-json\/wp\/v2\/product\/2514"}],"collection":[{"href":"https:\/\/pop-co.fr\/index.php\/wp-json\/wp\/v2\/product"}],"about":[{"href":"https:\/\/pop-co.fr\/index.php\/wp-json\/wp\/v2\/types\/product"}],"replies":[{"embeddable":true,"href":"https:\/\/pop-co.fr\/index.php\/wp-json\/wp\/v2\/comments?post=2514"}],"version-history":[{"count":0,"href":"https:\/\/pop-co.fr\/index.php\/wp-json\/wp\/v2\/product\/2514\/revisions"}],"wp:featuredmedia":[{"embeddable":true,"href":"https:\/\/pop-co.fr\/index.php\/wp-json\/wp\/v2\/media\/357474"}],"wp:attachment":[{"href":"https:\/\/pop-co.fr\/index.php\/wp-json\/wp\/v2\/media?parent=2514"}],"wp:term":[{"taxonomy":"product_cat","embeddable":true,"href":"https:\/\/pop-co.fr\/index.php\/wp-json\/wp\/v2\/product_cat?post=2514"},{"taxonomy":"product_tag","embeddable":true,"href":"https:\/\/pop-co.fr\/index.php\/wp-json\/wp\/v2\/product_tag?post=2514"}],"curies":[{"name":"wp","href":"https:\/\/api.w.org\/{rel}","templated":true}]}}