{"id":2522,"date":"2024-02-20T18:03:23","date_gmt":"2024-02-20T17:03:23","guid":{"rendered":"https:\/\/pop-co.fr\/index.php\/product\/mug-3d-naruto-gourde-de-gaara\/"},"modified":"2025-06-28T13:21:39","modified_gmt":"2025-06-28T11:21:39","slug":"mug-3d-naruto-gourde-de-gaara","status":"publish","type":"product","link":"https:\/\/pop-co.fr\/index.php\/product\/mug-3d-naruto-gourde-de-gaara\/","title":{"rendered":"MUG 3D &#8211; NARUTO &#8211; Gourde de Gaara"},"content":{"rendered":"<p>Ce mug 3D Naruto Shippuden par ABYstyle repr\u00e9sente la gourde port\u00e9e par Gaara, le ninja de Suna. Remplie de sable infus\u00e9 de chakra, cette gourde lui permet d&rsquo;effectuer des attaques puissantes et rapides face aux ennemis. <\/p>\n<p>Caract\u00e9ristiques :<br \/>\n&#8211; Contenance : 350 ml.<br \/>\n&#8211; Ne passe pas au micro-ondes ou au lave-vaisselle.<br \/>\n&#8211; Contient un couvercle.<br \/>\n&#8211; Mati\u00e8re : dolomite.<\/p>\n","protected":false},"excerpt":{"rendered":"<p>Ce mug 3D Naruto Shippuden par ABYstyle repr\u00e9sente la gourde port\u00e9e par Gaara, le ninja de Suna. Remplie de sable infus\u00e9 de chakra, cette gourde lui permet d&rsquo;effectuer des attaques puissantes et rapides face aux ennemis. Caract\u00e9ristiques : &#8211; Contenance : 350 ml. &#8211; Ne passe pas au micro-ondes ou au lave-vaisselle. &#8211; Contient un [&hellip;]<\/p>\n","protected":false},"featured_media":149475,"comment_status":"open","ping_status":"closed","template":"","meta":[],"product_cat":[17,21],"product_tag":[],"aioseo_notices":[],"jetpack_sharing_enabled":true,"_links":{"self":[{"href":"https:\/\/pop-co.fr\/index.php\/wp-json\/wp\/v2\/product\/2522"}],"collection":[{"href":"https:\/\/pop-co.fr\/index.php\/wp-json\/wp\/v2\/product"}],"about":[{"href":"https:\/\/pop-co.fr\/index.php\/wp-json\/wp\/v2\/types\/product"}],"replies":[{"embeddable":true,"href":"https:\/\/pop-co.fr\/index.php\/wp-json\/wp\/v2\/comments?post=2522"}],"version-history":[{"count":0,"href":"https:\/\/pop-co.fr\/index.php\/wp-json\/wp\/v2\/product\/2522\/revisions"}],"wp:featuredmedia":[{"embeddable":true,"href":"https:\/\/pop-co.fr\/index.php\/wp-json\/wp\/v2\/media\/149475"}],"wp:attachment":[{"href":"https:\/\/pop-co.fr\/index.php\/wp-json\/wp\/v2\/media?parent=2522"}],"wp:term":[{"taxonomy":"product_cat","embeddable":true,"href":"https:\/\/pop-co.fr\/index.php\/wp-json\/wp\/v2\/product_cat?post=2522"},{"taxonomy":"product_tag","embeddable":true,"href":"https:\/\/pop-co.fr\/index.php\/wp-json\/wp\/v2\/product_tag?post=2522"}],"curies":[{"name":"wp","href":"https:\/\/api.w.org\/{rel}","templated":true}]}}