{"id":2540,"date":"2024-02-20T18:04:08","date_gmt":"2024-02-20T17:04:08","guid":{"rendered":"https:\/\/pop-co.fr\/index.php\/product\/deck-box-lorcana-mulan\/"},"modified":"2025-06-28T13:22:23","modified_gmt":"2025-06-28T11:22:23","slug":"deck-box-lorcana-mulan","status":"publish","type":"product","link":"https:\/\/pop-co.fr\/index.php\/product\/deck-box-lorcana-mulan\/","title":{"rendered":"LORCANA &#8211; Bo\u00eete \u00e0 deck chapitre 2 &#8211; Mulan"},"content":{"rendered":"<p>Chaque bo\u00eete de rangement peut contenir jusqu&rsquo;\u00e0 80 cartes prot\u00e9g\u00e9es.<\/p>\n","protected":false},"excerpt":{"rendered":"<p>Chaque bo\u00eete de rangement peut contenir jusqu&rsquo;\u00e0 80 cartes prot\u00e9g\u00e9es.<\/p>\n","protected":false},"featured_media":149486,"comment_status":"open","ping_status":"closed","template":"","meta":[],"product_cat":[29,32],"product_tag":[],"aioseo_notices":[],"jetpack_sharing_enabled":true,"_links":{"self":[{"href":"https:\/\/pop-co.fr\/index.php\/wp-json\/wp\/v2\/product\/2540"}],"collection":[{"href":"https:\/\/pop-co.fr\/index.php\/wp-json\/wp\/v2\/product"}],"about":[{"href":"https:\/\/pop-co.fr\/index.php\/wp-json\/wp\/v2\/types\/product"}],"replies":[{"embeddable":true,"href":"https:\/\/pop-co.fr\/index.php\/wp-json\/wp\/v2\/comments?post=2540"}],"version-history":[{"count":0,"href":"https:\/\/pop-co.fr\/index.php\/wp-json\/wp\/v2\/product\/2540\/revisions"}],"wp:featuredmedia":[{"embeddable":true,"href":"https:\/\/pop-co.fr\/index.php\/wp-json\/wp\/v2\/media\/149486"}],"wp:attachment":[{"href":"https:\/\/pop-co.fr\/index.php\/wp-json\/wp\/v2\/media?parent=2540"}],"wp:term":[{"taxonomy":"product_cat","embeddable":true,"href":"https:\/\/pop-co.fr\/index.php\/wp-json\/wp\/v2\/product_cat?post=2540"},{"taxonomy":"product_tag","embeddable":true,"href":"https:\/\/pop-co.fr\/index.php\/wp-json\/wp\/v2\/product_tag?post=2540"}],"curies":[{"name":"wp","href":"https:\/\/api.w.org\/{rel}","templated":true}]}}