{"id":2548,"date":"2024-02-20T18:04:20","date_gmt":"2024-02-20T17:04:20","guid":{"rendered":"https:\/\/pop-co.fr\/index.php\/product\/coffret-mandalorian-mandalorian-et-grogu\/"},"modified":"2025-06-28T13:22:31","modified_gmt":"2025-06-28T11:22:31","slug":"coffret-mandalorian-mandalorian-et-grogu","status":"publish","type":"product","link":"https:\/\/pop-co.fr\/index.php\/product\/coffret-mandalorian-mandalorian-et-grogu\/","title":{"rendered":"COFFRET &#8211; MANDALORIAN &#8211; Mandalorian et Grogu"},"content":{"rendered":"<p>\u00ab\u00a0The Mandalorian\u00a0\u00bb est une s\u00e9rie star wars qui se passe entre l&rsquo;\u00e9pisode VI et l&rsquo;\u00e9pisode VII de la licence.<br \/>\nL&rsquo;histoire se passe 5 ans apr\u00e8s la chute de l&#8217;empire, on y suit Din Djarin, un chasseur de prime mandalorien, qui d\u00e9cide de prot\u00e9ger sa cible, un enfant de la m\u00eame esp\u00e8ce que Yoda.<br \/>\nLa s\u00e9rie a commenc\u00e9 en 2019 et compte en ce moment 3 saisons.<\/p>\n","protected":false},"excerpt":{"rendered":"<p>\u00ab\u00a0The Mandalorian\u00a0\u00bb est une s\u00e9rie star wars qui se passe entre l&rsquo;\u00e9pisode VI et l&rsquo;\u00e9pisode VII de la licence. L&rsquo;histoire se passe 5 ans apr\u00e8s la chute de l&#8217;empire, on y suit Din Djarin, un chasseur de prime mandalorien, qui d\u00e9cide de prot\u00e9ger sa cible, un enfant de la m\u00eame esp\u00e8ce que Yoda. La s\u00e9rie [&hellip;]<\/p>\n","protected":false},"featured_media":232858,"comment_status":"open","ping_status":"closed","template":"","meta":[],"product_cat":[43],"product_tag":[],"aioseo_notices":[],"jetpack_sharing_enabled":true,"_links":{"self":[{"href":"https:\/\/pop-co.fr\/index.php\/wp-json\/wp\/v2\/product\/2548"}],"collection":[{"href":"https:\/\/pop-co.fr\/index.php\/wp-json\/wp\/v2\/product"}],"about":[{"href":"https:\/\/pop-co.fr\/index.php\/wp-json\/wp\/v2\/types\/product"}],"replies":[{"embeddable":true,"href":"https:\/\/pop-co.fr\/index.php\/wp-json\/wp\/v2\/comments?post=2548"}],"version-history":[{"count":0,"href":"https:\/\/pop-co.fr\/index.php\/wp-json\/wp\/v2\/product\/2548\/revisions"}],"wp:featuredmedia":[{"embeddable":true,"href":"https:\/\/pop-co.fr\/index.php\/wp-json\/wp\/v2\/media\/232858"}],"wp:attachment":[{"href":"https:\/\/pop-co.fr\/index.php\/wp-json\/wp\/v2\/media?parent=2548"}],"wp:term":[{"taxonomy":"product_cat","embeddable":true,"href":"https:\/\/pop-co.fr\/index.php\/wp-json\/wp\/v2\/product_cat?post=2548"},{"taxonomy":"product_tag","embeddable":true,"href":"https:\/\/pop-co.fr\/index.php\/wp-json\/wp\/v2\/product_tag?post=2548"}],"curies":[{"name":"wp","href":"https:\/\/api.w.org\/{rel}","templated":true}]}}