{"id":256775,"date":"2024-12-21T10:04:35","date_gmt":"2024-12-21T09:04:35","guid":{"rendered":"https:\/\/pop-co.fr\/index.php\/product\/disney-pop-deluxe-n1331-fee-clochette-piegee-peter-pan\/"},"modified":"2025-06-28T14:15:26","modified_gmt":"2025-06-28T12:15:26","slug":"disney-pop-deluxe-n1331-fee-clochette-piegee-peter-pan","status":"publish","type":"product","link":"https:\/\/pop-co.fr\/index.php\/product\/disney-pop-deluxe-n1331-fee-clochette-piegee-peter-pan\/","title":{"rendered":"DISNEY &#8211; POP DELUXE N\u00b01331 F\u00e9e Clochette pi\u00e9g\u00e9e (Peter Pan)"},"content":{"rendered":"<p>Donnez une nouvelle dimension \u00e0 votre collection avec un peu de poussi\u00e8re de f\u00e9e ! C\u00e9l\u00e9brez le 100e anniversaire de Disney avec cette figurine Pop ! Vinyle de luxe de Clochette qui n&rsquo;est pas impressionn\u00e9e par le fait d&rsquo;\u00eatre pi\u00e9g\u00e9e dans une lanterne dans laquelle le m\u00e9chant Capitaine Crochet l&rsquo;a enferm\u00e9e.<\/p>\n<p>Ajoutez les nouvelles figurines Pop ! Vinyl de Peter Pan \u00e0 votre collection Funko d\u00e8s aujourd&rsquo;hui !<\/p>\n","protected":false},"excerpt":{"rendered":"<p>Donnez une nouvelle dimension \u00e0 votre collection avec un peu de poussi\u00e8re de f\u00e9e ! C\u00e9l\u00e9brez le 100e anniversaire de Disney avec cette figurine Pop ! Vinyle de luxe de Clochette qui n&rsquo;est pas impressionn\u00e9e par le fait d&rsquo;\u00eatre pi\u00e9g\u00e9e dans une lanterne dans laquelle le m\u00e9chant Capitaine Crochet l&rsquo;a enferm\u00e9e. Ajoutez les nouvelles figurines [&hellip;]<\/p>\n","protected":false},"featured_media":311556,"comment_status":"open","ping_status":"closed","template":"","meta":[],"product_cat":[29],"product_tag":[],"aioseo_notices":[],"jetpack_sharing_enabled":true,"_links":{"self":[{"href":"https:\/\/pop-co.fr\/index.php\/wp-json\/wp\/v2\/product\/256775"}],"collection":[{"href":"https:\/\/pop-co.fr\/index.php\/wp-json\/wp\/v2\/product"}],"about":[{"href":"https:\/\/pop-co.fr\/index.php\/wp-json\/wp\/v2\/types\/product"}],"replies":[{"embeddable":true,"href":"https:\/\/pop-co.fr\/index.php\/wp-json\/wp\/v2\/comments?post=256775"}],"version-history":[{"count":0,"href":"https:\/\/pop-co.fr\/index.php\/wp-json\/wp\/v2\/product\/256775\/revisions"}],"wp:featuredmedia":[{"embeddable":true,"href":"https:\/\/pop-co.fr\/index.php\/wp-json\/wp\/v2\/media\/311556"}],"wp:attachment":[{"href":"https:\/\/pop-co.fr\/index.php\/wp-json\/wp\/v2\/media?parent=256775"}],"wp:term":[{"taxonomy":"product_cat","embeddable":true,"href":"https:\/\/pop-co.fr\/index.php\/wp-json\/wp\/v2\/product_cat?post=256775"},{"taxonomy":"product_tag","embeddable":true,"href":"https:\/\/pop-co.fr\/index.php\/wp-json\/wp\/v2\/product_tag?post=256775"}],"curies":[{"name":"wp","href":"https:\/\/api.w.org\/{rel}","templated":true}]}}