{"id":2587,"date":"2024-02-20T18:05:12","date_gmt":"2024-02-20T17:05:12","guid":{"rendered":"https:\/\/pop-co.fr\/index.php\/product\/hunter-x-hunter-killua-figurine-sfc-14cm\/"},"modified":"2025-06-28T13:23:04","modified_gmt":"2025-06-28T11:23:04","slug":"hunter-x-hunter-killua-figurine-sfc-14cm","status":"publish","type":"product","link":"https:\/\/pop-co.fr\/index.php\/product\/hunter-x-hunter-killua-figurine-sfc-14cm\/","title":{"rendered":"HUNTER X HUNTER &#8211; Killua Zoldyck &#8211; Figurine SFC 14cm"},"content":{"rendered":"<p>Malgr\u00e9 ses airs d&rsquo;enfant innocent, Kirua Zoldik a \u00e9t\u00e9 \u00e9lev\u00e9 comme une v\u00e9ritable machine \u00e0 tuer pour enfin devenir un Hunter redoutable et redout\u00e9. Poss\u00e9dant une intelligence hors pair, coupl\u00e9 \u00e0 des capacit\u00e9s surhumaines, le fid\u00e8le acolyte de Gon rejoindra la gamme SFC d&rsquo;ABYstyle Studio accompagn\u00e9 d&rsquo;un de ses iconiques yo-yos. <\/p>\n<p>&#8211; Figurine en PVC de la gamme SFC<br \/>\n&#8211; Hauteur : 14 cm<br \/>\n&#8211; Echelle : 1\/10\u00e8me<\/p>\n","protected":false},"excerpt":{"rendered":"<p>Malgr\u00e9 ses airs d&rsquo;enfant innocent, Kirua Zoldik a \u00e9t\u00e9 \u00e9lev\u00e9 comme une v\u00e9ritable machine \u00e0 tuer pour enfin devenir un Hunter redoutable et redout\u00e9. Poss\u00e9dant une intelligence hors pair, coupl\u00e9 \u00e0 des capacit\u00e9s surhumaines, le fid\u00e8le acolyte de Gon rejoindra la gamme SFC d&rsquo;ABYstyle Studio accompagn\u00e9 d&rsquo;un de ses iconiques yo-yos. &#8211; Figurine en PVC [&hellip;]<\/p>\n","protected":false},"featured_media":168257,"comment_status":"open","ping_status":"closed","template":"","meta":[],"product_cat":[62,17],"product_tag":[],"aioseo_notices":[],"jetpack_sharing_enabled":true,"_links":{"self":[{"href":"https:\/\/pop-co.fr\/index.php\/wp-json\/wp\/v2\/product\/2587"}],"collection":[{"href":"https:\/\/pop-co.fr\/index.php\/wp-json\/wp\/v2\/product"}],"about":[{"href":"https:\/\/pop-co.fr\/index.php\/wp-json\/wp\/v2\/types\/product"}],"replies":[{"embeddable":true,"href":"https:\/\/pop-co.fr\/index.php\/wp-json\/wp\/v2\/comments?post=2587"}],"version-history":[{"count":0,"href":"https:\/\/pop-co.fr\/index.php\/wp-json\/wp\/v2\/product\/2587\/revisions"}],"wp:featuredmedia":[{"embeddable":true,"href":"https:\/\/pop-co.fr\/index.php\/wp-json\/wp\/v2\/media\/168257"}],"wp:attachment":[{"href":"https:\/\/pop-co.fr\/index.php\/wp-json\/wp\/v2\/media?parent=2587"}],"wp:term":[{"taxonomy":"product_cat","embeddable":true,"href":"https:\/\/pop-co.fr\/index.php\/wp-json\/wp\/v2\/product_cat?post=2587"},{"taxonomy":"product_tag","embeddable":true,"href":"https:\/\/pop-co.fr\/index.php\/wp-json\/wp\/v2\/product_tag?post=2587"}],"curies":[{"name":"wp","href":"https:\/\/api.w.org\/{rel}","templated":true}]}}