{"id":2592,"date":"2024-02-20T18:05:16","date_gmt":"2024-02-20T17:05:16","guid":{"rendered":"https:\/\/pop-co.fr\/index.php\/product\/mug-thermoreactif-mha-modoriya-bakugo-et-ochacco\/"},"modified":"2025-07-29T11:18:12","modified_gmt":"2025-07-29T09:18:12","slug":"mug-thermoreactif-mha-modoriya-bakugo-et-ochacco","status":"publish","type":"product","link":"https:\/\/pop-co.fr\/index.php\/product\/mug-thermoreactif-mha-modoriya-bakugo-et-ochacco\/","title":{"rendered":"MUG THERMOREACTIF &#8211; MHA &#8211; Modoriya, Bakugo et Ochacco"},"content":{"rendered":"<p>La future g\u00e9n\u00e9ration est tr\u00e8s prometteuse ! Deku, Ochaco et Bakugo sont pr\u00eat \u00e0 relever les d\u00e9fis de la vie en tant que h\u00e9ros sur ce mug My Hero Academia par ABYstyle ! <\/p>\n<p>Caract\u00e9ristiques :<br \/>\n&#8211; Change d&rsquo;aspect lorsque vous versez un liquide chaud.<br \/>\n&#8211; Contenance : 320 ml.<br \/>\n&#8211; Mati\u00e8re : c\u00e9ramique.<br \/>\n&#8211; Ne passe pas au micro-ondes ou au lave-vaisselle.<br \/>\n&#8211; Packaging : bo\u00eete ferm\u00e9e.<\/p>\n","protected":false},"excerpt":{"rendered":"<p>La future g\u00e9n\u00e9ration est tr\u00e8s prometteuse ! Deku, Ochaco et Bakugo sont pr\u00eat \u00e0 relever les d\u00e9fis de la vie en tant que h\u00e9ros sur ce mug My Hero Academia par ABYstyle ! Caract\u00e9ristiques : &#8211; Change d&rsquo;aspect lorsque vous versez un liquide chaud. &#8211; Contenance : 320 ml. &#8211; Mati\u00e8re : c\u00e9ramique. &#8211; Ne [&hellip;]<\/p>\n","protected":false},"featured_media":356248,"comment_status":"open","ping_status":"closed","template":"","meta":[],"product_cat":[17,26],"product_tag":[],"aioseo_notices":[],"jetpack_sharing_enabled":true,"_links":{"self":[{"href":"https:\/\/pop-co.fr\/index.php\/wp-json\/wp\/v2\/product\/2592"}],"collection":[{"href":"https:\/\/pop-co.fr\/index.php\/wp-json\/wp\/v2\/product"}],"about":[{"href":"https:\/\/pop-co.fr\/index.php\/wp-json\/wp\/v2\/types\/product"}],"replies":[{"embeddable":true,"href":"https:\/\/pop-co.fr\/index.php\/wp-json\/wp\/v2\/comments?post=2592"}],"version-history":[{"count":0,"href":"https:\/\/pop-co.fr\/index.php\/wp-json\/wp\/v2\/product\/2592\/revisions"}],"wp:featuredmedia":[{"embeddable":true,"href":"https:\/\/pop-co.fr\/index.php\/wp-json\/wp\/v2\/media\/356248"}],"wp:attachment":[{"href":"https:\/\/pop-co.fr\/index.php\/wp-json\/wp\/v2\/media?parent=2592"}],"wp:term":[{"taxonomy":"product_cat","embeddable":true,"href":"https:\/\/pop-co.fr\/index.php\/wp-json\/wp\/v2\/product_cat?post=2592"},{"taxonomy":"product_tag","embeddable":true,"href":"https:\/\/pop-co.fr\/index.php\/wp-json\/wp\/v2\/product_tag?post=2592"}],"curies":[{"name":"wp","href":"https:\/\/api.w.org\/{rel}","templated":true}]}}