{"id":260331,"date":"2024-12-23T16:14:21","date_gmt":"2024-12-23T15:14:21","guid":{"rendered":"https:\/\/pop-co.fr\/index.php\/product\/disney-dumbo-et-jumbo-figurine-16cm-2\/"},"modified":"2025-06-28T12:15:22","modified_gmt":"2025-06-28T10:15:22","slug":"disney-dumbo-et-jumbo-figurine-16cm-2","status":"publish","type":"product","link":"https:\/\/pop-co.fr\/index.php\/product\/disney-dumbo-et-jumbo-figurine-16cm-2\/","title":{"rendered":"DISNEY &#8211; Dumbo et Jumbo &#8211; Figurine 16cm"},"content":{"rendered":"<p>Offrez la magie Disney en cadeau avec cette magnifique figurine de Mrs Jumbo et Dumbo. De Disney Magical Moments, qui r\u00e9alise des r\u00eaves depuis 1923.<\/p>\n<p>La d\u00e9licate Mrs Jumbo peinte \u00e0 la main se tient debout avec sa malle entrelac\u00e9e avec son adorable petit Dumbo. L&rsquo;ornement autoportant est dot\u00e9 d&rsquo;une base blanche avec des pieds protecteurs en mousse et du motif \u00ab Ma petite \u00e9toile \u00bb. <\/p>\n<p>C&rsquo;est le compl\u00e9ment parfait \u00e0 toute collection Disney et une c\u00e9l\u00e9bration intemporelle de l&rsquo;amour maternel durable.<\/p>\n","protected":false},"excerpt":{"rendered":"<p>Offrez la magie Disney en cadeau avec cette magnifique figurine de Mrs Jumbo et Dumbo. De Disney Magical Moments, qui r\u00e9alise des r\u00eaves depuis 1923. La d\u00e9licate Mrs Jumbo peinte \u00e0 la main se tient debout avec sa malle entrelac\u00e9e avec son adorable petit Dumbo. L&rsquo;ornement autoportant est dot\u00e9 d&rsquo;une base blanche avec des pieds [&hellip;]<\/p>\n","protected":false},"featured_media":260410,"comment_status":"open","ping_status":"closed","template":"","meta":[],"product_cat":[29],"product_tag":[],"aioseo_notices":[],"jetpack_sharing_enabled":true,"_links":{"self":[{"href":"https:\/\/pop-co.fr\/index.php\/wp-json\/wp\/v2\/product\/260331"}],"collection":[{"href":"https:\/\/pop-co.fr\/index.php\/wp-json\/wp\/v2\/product"}],"about":[{"href":"https:\/\/pop-co.fr\/index.php\/wp-json\/wp\/v2\/types\/product"}],"replies":[{"embeddable":true,"href":"https:\/\/pop-co.fr\/index.php\/wp-json\/wp\/v2\/comments?post=260331"}],"version-history":[{"count":0,"href":"https:\/\/pop-co.fr\/index.php\/wp-json\/wp\/v2\/product\/260331\/revisions"}],"wp:featuredmedia":[{"embeddable":true,"href":"https:\/\/pop-co.fr\/index.php\/wp-json\/wp\/v2\/media\/260410"}],"wp:attachment":[{"href":"https:\/\/pop-co.fr\/index.php\/wp-json\/wp\/v2\/media?parent=260331"}],"wp:term":[{"taxonomy":"product_cat","embeddable":true,"href":"https:\/\/pop-co.fr\/index.php\/wp-json\/wp\/v2\/product_cat?post=260331"},{"taxonomy":"product_tag","embeddable":true,"href":"https:\/\/pop-co.fr\/index.php\/wp-json\/wp\/v2\/product_tag?post=260331"}],"curies":[{"name":"wp","href":"https:\/\/api.w.org\/{rel}","templated":true}]}}